{"id":41656,"date":"2024-12-19T23:45:11","date_gmt":"2024-12-20T05:45:11","guid":{"rendered":"https:\/\/zelina.mx\/?post_type=product&#038;p=41656"},"modified":"2025-05-29T10:45:55","modified_gmt":"2025-05-29T16:45:55","slug":"body-de-mesh-con-encaje-floral","status":"publish","type":"product","link":"https:\/\/zelina.mx\/en\/product\/body-de-mesh-con-encaje-floral\/","title":{"rendered":"Body de Mesh con Encaje Floral (AGOTADO)"},"content":{"rendered":"<p>Body de mesh con delicado encaje floral, dise\u00f1ado para resaltar tu figura de manera elegante y sensual. Con un ajuste c\u00f3modo y sofisticado, es perfecto para ocasiones especiales o para a\u00f1adir un toque de glamour a tu colecci\u00f3n \u00ed\u00adntima.<\/p>","protected":false},"excerpt":{"rendered":"<p>Body de mesh con delicado encaje floral, dise\u00f1ado para resaltar tu figura de manera elegante y sensual. Con un ajuste c\u00f3modo y sofisticado, es perfecto para ocasiones especiales o para a\u00f1adir un toque de glamour a tu colecci\u00f3n \u00ed\u00adntima.<\/p>","protected":false},"featured_media":41665,"template":"","meta":{"_exactmetrics_skip_tracking":false,"_exactmetrics_sitenote_active":false,"_exactmetrics_sitenote_note":"","_exactmetrics_sitenote_category":0},"product_brand":[],"product_cat":[518,517,510,622],"product_tag":[],"class_list":{"0":"post-41656","1":"product","2":"type-product","3":"status-publish","4":"has-post-thumbnail","6":"product_cat-babydolls","7":"product_cat-bodys","8":"product_cat-lingerie","9":"product_cat-the-holiday-collection","11":"first","12":"instock","13":"shipping-taxable","14":"purchasable","15":"product-type-variable"},"yoast_head":"<!-- This site is optimized with the Yoast SEO plugin v27.5 - https:\/\/yoast.com\/product\/yoast-seo-wordpress\/ -->\n<title>Body de Mesh con Encaje Floral (AGOTADO) - Zelina Lingerie<\/title>\n<meta name=\"description\" content=\"Body de mesh con encaje floral. Dise\u00f1o sensual y elegante que resalta tu figura con comodidad. Tirantes ajustables y detalles delicados. \u00a1Compra ahora!\" \/>\n<meta name=\"robots\" content=\"index, follow, max-snippet:-1, max-image-preview:large, max-video-preview:-1\" \/>\n<link rel=\"canonical\" href=\"https:\/\/zelina.mx\/en\/product\/body-de-mesh-con-encaje-floral\/\" \/>\n<meta property=\"og:locale\" content=\"en_US\" \/>\n<meta property=\"og:type\" content=\"article\" \/>\n<meta property=\"og:title\" content=\"Body de Mesh con Encaje Floral (AGOTADO) - Zelina Lingerie\" \/>\n<meta property=\"og:description\" content=\"Body de mesh con encaje floral. Dise\u00f1o sensual y elegante que resalta tu figura con comodidad. Tirantes ajustables y detalles delicados. \u00a1Compra ahora!\" \/>\n<meta property=\"og:url\" content=\"https:\/\/zelina.mx\/en\/product\/body-de-mesh-con-encaje-floral\/\" \/>\n<meta property=\"og:site_name\" content=\"Zelina Lingerie\" \/>\n<meta property=\"article:publisher\" content=\"https:\/\/www.facebook.com\/Secrets.by.Zelina\/\" \/>\n<meta property=\"article:modified_time\" content=\"2025-05-29T16:45:55+00:00\" \/>\n<meta property=\"og:image\" content=\"https:\/\/zelina.mx\/wp-content\/uploads\/2024\/12\/1998.jpg\" \/>\n\t<meta property=\"og:image:width\" content=\"768\" \/>\n\t<meta property=\"og:image:height\" content=\"1130\" \/>\n\t<meta property=\"og:image:type\" content=\"image\/jpeg\" \/>\n<meta name=\"twitter:card\" content=\"summary_large_image\" \/>\n<script type=\"application\/ld+json\" class=\"yoast-schema-graph\">{\"@context\":\"https:\\\/\\\/schema.org\",\"@graph\":[{\"@type\":\"WebPage\",\"@id\":\"https:\\\/\\\/zelina.mx\\\/product\\\/body-de-mesh-con-encaje-floral\\\/\",\"url\":\"https:\\\/\\\/zelina.mx\\\/product\\\/body-de-mesh-con-encaje-floral\\\/\",\"name\":\"Body de Mesh con Encaje Floral (AGOTADO) - Zelina Lingerie\",\"isPartOf\":{\"@id\":\"https:\\\/\\\/zelina.mx\\\/#website\"},\"primaryImageOfPage\":{\"@id\":\"https:\\\/\\\/zelina.mx\\\/product\\\/body-de-mesh-con-encaje-floral\\\/#primaryimage\"},\"image\":{\"@id\":\"https:\\\/\\\/zelina.mx\\\/product\\\/body-de-mesh-con-encaje-floral\\\/#primaryimage\"},\"thumbnailUrl\":\"https:\\\/\\\/zelina.mx\\\/wp-content\\\/uploads\\\/2024\\\/12\\\/1998.jpg\",\"datePublished\":\"2024-12-20T05:45:11+00:00\",\"dateModified\":\"2025-05-29T16:45:55+00:00\",\"description\":\"Body de mesh con encaje floral. Dise\u00f1o sensual y elegante que resalta tu figura con comodidad. Tirantes ajustables y detalles delicados. \u00a1Compra ahora!\",\"breadcrumb\":{\"@id\":\"https:\\\/\\\/zelina.mx\\\/product\\\/body-de-mesh-con-encaje-floral\\\/#breadcrumb\"},\"inLanguage\":\"en-US\",\"potentialAction\":[{\"@type\":\"ReadAction\",\"target\":[\"https:\\\/\\\/zelina.mx\\\/product\\\/body-de-mesh-con-encaje-floral\\\/\"]}]},{\"@type\":\"ImageObject\",\"inLanguage\":\"en-US\",\"@id\":\"https:\\\/\\\/zelina.mx\\\/product\\\/body-de-mesh-con-encaje-floral\\\/#primaryimage\",\"url\":\"https:\\\/\\\/zelina.mx\\\/wp-content\\\/uploads\\\/2024\\\/12\\\/1998.jpg\",\"contentUrl\":\"https:\\\/\\\/zelina.mx\\\/wp-content\\\/uploads\\\/2024\\\/12\\\/1998.jpg\",\"width\":768,\"height\":1130},{\"@type\":\"BreadcrumbList\",\"@id\":\"https:\\\/\\\/zelina.mx\\\/product\\\/body-de-mesh-con-encaje-floral\\\/#breadcrumb\",\"itemListElement\":[{\"@type\":\"ListItem\",\"position\":1,\"name\":\"Inicio\",\"item\":\"https:\\\/\\\/zelina.mx\\\/\"},{\"@type\":\"ListItem\",\"position\":2,\"name\":\"Body de Mesh con Encaje Floral (AGOTADO)\"}]},{\"@type\":\"WebSite\",\"@id\":\"https:\\\/\\\/zelina.mx\\\/#website\",\"url\":\"https:\\\/\\\/zelina.mx\\\/\",\"name\":\"Zelina Lingerie\",\"description\":\"El espacio donde ser sexy es un estilo de vida\",\"publisher\":{\"@id\":\"https:\\\/\\\/zelina.mx\\\/#organization\"},\"potentialAction\":[{\"@type\":\"SearchAction\",\"target\":{\"@type\":\"EntryPoint\",\"urlTemplate\":\"https:\\\/\\\/zelina.mx\\\/?s={search_term_string}\"},\"query-input\":{\"@type\":\"PropertyValueSpecification\",\"valueRequired\":true,\"valueName\":\"search_term_string\"}}],\"inLanguage\":\"en-US\"},{\"@type\":\"Organization\",\"@id\":\"https:\\\/\\\/zelina.mx\\\/#organization\",\"name\":\"Zelina Lingerie\",\"url\":\"https:\\\/\\\/zelina.mx\\\/\",\"logo\":{\"@type\":\"ImageObject\",\"inLanguage\":\"en-US\",\"@id\":\"https:\\\/\\\/zelina.mx\\\/#\\\/schema\\\/logo\\\/image\\\/\",\"url\":\"https:\\\/\\\/zelina.mx\\\/wp-content\\\/uploads\\\/2019\\\/11\\\/cropped-cropped-cropped-cropped-Zelina-logos-G.png\",\"contentUrl\":\"https:\\\/\\\/zelina.mx\\\/wp-content\\\/uploads\\\/2019\\\/11\\\/cropped-cropped-cropped-cropped-Zelina-logos-G.png\",\"width\":199,\"height\":80,\"caption\":\"Zelina Lingerie\"},\"image\":{\"@id\":\"https:\\\/\\\/zelina.mx\\\/#\\\/schema\\\/logo\\\/image\\\/\"},\"sameAs\":[\"https:\\\/\\\/www.facebook.com\\\/Secrets.by.Zelina\\\/\",\"https:\\\/\\\/www.instagram.com\\\/secretsbyzelina\\\/\"]}]}<\/script>\n<!-- \/ Yoast SEO plugin. -->","yoast_head_json":{"title":"Body de Mesh con Encaje Floral (AGOTADO) - Zelina Lingerie","description":"Body de mesh con encaje floral. Dise\u00f1o sensual y elegante que resalta tu figura con comodidad. Tirantes ajustables y detalles delicados. \u00a1Compra ahora!","robots":{"index":"index","follow":"follow","max-snippet":"max-snippet:-1","max-image-preview":"max-image-preview:large","max-video-preview":"max-video-preview:-1"},"canonical":"https:\/\/zelina.mx\/en\/product\/body-de-mesh-con-encaje-floral\/","og_locale":"en_US","og_type":"article","og_title":"Body de Mesh con Encaje Floral (AGOTADO) - Zelina Lingerie","og_description":"Body de mesh con encaje floral. Dise\u00f1o sensual y elegante que resalta tu figura con comodidad. Tirantes ajustables y detalles delicados. \u00a1Compra ahora!","og_url":"https:\/\/zelina.mx\/en\/product\/body-de-mesh-con-encaje-floral\/","og_site_name":"Zelina Lingerie","article_publisher":"https:\/\/www.facebook.com\/Secrets.by.Zelina\/","article_modified_time":"2025-05-29T16:45:55+00:00","og_image":[{"width":768,"height":1130,"url":"https:\/\/zelina.mx\/wp-content\/uploads\/2024\/12\/1998.jpg","type":"image\/jpeg"}],"twitter_card":"summary_large_image","schema":{"@context":"https:\/\/schema.org","@graph":[{"@type":"WebPage","@id":"https:\/\/zelina.mx\/product\/body-de-mesh-con-encaje-floral\/","url":"https:\/\/zelina.mx\/product\/body-de-mesh-con-encaje-floral\/","name":"Body de Mesh con Encaje Floral (AGOTADO) - Zelina Lingerie","isPartOf":{"@id":"https:\/\/zelina.mx\/#website"},"primaryImageOfPage":{"@id":"https:\/\/zelina.mx\/product\/body-de-mesh-con-encaje-floral\/#primaryimage"},"image":{"@id":"https:\/\/zelina.mx\/product\/body-de-mesh-con-encaje-floral\/#primaryimage"},"thumbnailUrl":"https:\/\/zelina.mx\/wp-content\/uploads\/2024\/12\/1998.jpg","datePublished":"2024-12-20T05:45:11+00:00","dateModified":"2025-05-29T16:45:55+00:00","description":"Body de mesh con encaje floral. Dise\u00f1o sensual y elegante que resalta tu figura con comodidad. Tirantes ajustables y detalles delicados. \u00a1Compra ahora!","breadcrumb":{"@id":"https:\/\/zelina.mx\/product\/body-de-mesh-con-encaje-floral\/#breadcrumb"},"inLanguage":"en-US","potentialAction":[{"@type":"ReadAction","target":["https:\/\/zelina.mx\/product\/body-de-mesh-con-encaje-floral\/"]}]},{"@type":"ImageObject","inLanguage":"en-US","@id":"https:\/\/zelina.mx\/product\/body-de-mesh-con-encaje-floral\/#primaryimage","url":"https:\/\/zelina.mx\/wp-content\/uploads\/2024\/12\/1998.jpg","contentUrl":"https:\/\/zelina.mx\/wp-content\/uploads\/2024\/12\/1998.jpg","width":768,"height":1130},{"@type":"BreadcrumbList","@id":"https:\/\/zelina.mx\/product\/body-de-mesh-con-encaje-floral\/#breadcrumb","itemListElement":[{"@type":"ListItem","position":1,"name":"Inicio","item":"https:\/\/zelina.mx\/"},{"@type":"ListItem","position":2,"name":"Body de Mesh con Encaje Floral (AGOTADO)"}]},{"@type":"WebSite","@id":"https:\/\/zelina.mx\/#website","url":"https:\/\/zelina.mx\/","name":"Zelina Lingerie","description":"El espacio donde ser sexy es un estilo de vida","publisher":{"@id":"https:\/\/zelina.mx\/#organization"},"potentialAction":[{"@type":"SearchAction","target":{"@type":"EntryPoint","urlTemplate":"https:\/\/zelina.mx\/?s={search_term_string}"},"query-input":{"@type":"PropertyValueSpecification","valueRequired":true,"valueName":"search_term_string"}}],"inLanguage":"en-US"},{"@type":"Organization","@id":"https:\/\/zelina.mx\/#organization","name":"Zelina Lingerie","url":"https:\/\/zelina.mx\/","logo":{"@type":"ImageObject","inLanguage":"en-US","@id":"https:\/\/zelina.mx\/#\/schema\/logo\/image\/","url":"https:\/\/zelina.mx\/wp-content\/uploads\/2019\/11\/cropped-cropped-cropped-cropped-Zelina-logos-G.png","contentUrl":"https:\/\/zelina.mx\/wp-content\/uploads\/2019\/11\/cropped-cropped-cropped-cropped-Zelina-logos-G.png","width":199,"height":80,"caption":"Zelina Lingerie"},"image":{"@id":"https:\/\/zelina.mx\/#\/schema\/logo\/image\/"},"sameAs":["https:\/\/www.facebook.com\/Secrets.by.Zelina\/","https:\/\/www.instagram.com\/secretsbyzelina\/"]}]}},"_links":{"self":[{"href":"https:\/\/zelina.mx\/en\/wp-json\/wp\/v2\/product\/41656","targetHints":{"allow":["GET"]}}],"collection":[{"href":"https:\/\/zelina.mx\/en\/wp-json\/wp\/v2\/product"}],"about":[{"href":"https:\/\/zelina.mx\/en\/wp-json\/wp\/v2\/types\/product"}],"wp:featuredmedia":[{"embeddable":true,"href":"https:\/\/zelina.mx\/en\/wp-json\/wp\/v2\/media\/41665"}],"wp:attachment":[{"href":"https:\/\/zelina.mx\/en\/wp-json\/wp\/v2\/media?parent=41656"}],"wp:term":[{"taxonomy":"product_brand","embeddable":true,"href":"https:\/\/zelina.mx\/en\/wp-json\/wp\/v2\/product_brand?post=41656"},{"taxonomy":"product_cat","embeddable":true,"href":"https:\/\/zelina.mx\/en\/wp-json\/wp\/v2\/product_cat?post=41656"},{"taxonomy":"product_tag","embeddable":true,"href":"https:\/\/zelina.mx\/en\/wp-json\/wp\/v2\/product_tag?post=41656"}],"curies":[{"name":"wp","href":"https:\/\/api.w.org\/{rel}","templated":true}]}}