{"id":41539,"date":"2024-12-19T22:59:40","date_gmt":"2024-12-20T04:59:40","guid":{"rendered":"https:\/\/zelina.mx\/?post_type=product&#038;p=41539"},"modified":"2025-03-03T17:42:54","modified_gmt":"2025-03-03T23:42:54","slug":"brassiere-liso-con-argolla-de-diamantes","status":"publish","type":"product","link":"https:\/\/zelina.mx\/en\/product\/brassiere-liso-con-argolla-de-diamantes\/","title":{"rendered":"Brassiere Liso con Argolla de Diamantes"},"content":{"rendered":"<p>Brassiere liso con copas suaves y c\u00f3modas, tirantes ajustables y cierre de ganchos. Detalle de argolla de diamante que aporta un toque de sofisticaci\u00f3n y lujo, brindando confort y estilo durante todo el d\u00ed\u00ada.<\/p>","protected":false},"excerpt":{"rendered":"<p>Brassiere liso con copas suaves y c\u00f3modas, tirantes ajustables y cierre de ganchos. Detalle de argolla de diamante que aporta un toque de sofisticaci\u00f3n y lujo, brindando confort y estilo durante todo el d\u00ed\u00ada.<\/p>","protected":false},"featured_media":41558,"template":"","meta":{"_exactmetrics_skip_tracking":false,"_exactmetrics_sitenote_active":false,"_exactmetrics_sitenote_note":"","_exactmetrics_sitenote_category":0},"product_brand":[],"product_cat":[515,506,622,508],"product_tag":[],"class_list":{"0":"post-41539","1":"product","2":"type-product","3":"status-publish","4":"has-post-thumbnail","6":"product_cat-brassiere","7":"product_cat-new-in","8":"product_cat-the-holiday-collection","9":"product_cat-tops","11":"first","12":"instock","13":"shipping-taxable","14":"purchasable","15":"product-type-variable"},"yoast_head":"<!-- This site is optimized with the Yoast SEO plugin v27.5 - https:\/\/yoast.com\/product\/yoast-seo-wordpress\/ -->\n<title>Brassiere Liso con Argolla de Diamantes - Zelina Lingerie<\/title>\n<meta name=\"description\" content=\"Brassiere liso con copas suaves, tirantes ajustables y cierre de ganchos. Con argolla de diamantes para un toque de elegancia y comodidad. \u00a1Compra ahora en Zelina!\" \/>\n<meta name=\"robots\" content=\"index, follow, max-snippet:-1, max-image-preview:large, max-video-preview:-1\" \/>\n<link rel=\"canonical\" href=\"https:\/\/zelina.mx\/en\/product\/brassiere-liso-con-argolla-de-diamantes\/\" \/>\n<meta property=\"og:locale\" content=\"en_US\" \/>\n<meta property=\"og:type\" content=\"article\" \/>\n<meta property=\"og:title\" content=\"Brassiere Liso con Argolla de Diamantes - Zelina Lingerie\" \/>\n<meta property=\"og:description\" content=\"Brassiere liso con copas suaves, tirantes ajustables y cierre de ganchos. Con argolla de diamantes para un toque de elegancia y comodidad. \u00a1Compra ahora en Zelina!\" \/>\n<meta property=\"og:url\" content=\"https:\/\/zelina.mx\/en\/product\/brassiere-liso-con-argolla-de-diamantes\/\" \/>\n<meta property=\"og:site_name\" content=\"Zelina Lingerie\" \/>\n<meta property=\"article:publisher\" content=\"https:\/\/www.facebook.com\/Secrets.by.Zelina\/\" \/>\n<meta property=\"article:modified_time\" content=\"2025-03-03T23:42:54+00:00\" \/>\n<meta property=\"og:image\" content=\"https:\/\/zelina.mx\/wp-content\/uploads\/2024\/12\/2032_1799.jpg\" \/>\n\t<meta property=\"og:image:width\" content=\"768\" \/>\n\t<meta property=\"og:image:height\" content=\"1130\" \/>\n\t<meta property=\"og:image:type\" content=\"image\/jpeg\" \/>\n<meta name=\"twitter:card\" content=\"summary_large_image\" \/>\n<script type=\"application\/ld+json\" class=\"yoast-schema-graph\">{\"@context\":\"https:\\\/\\\/schema.org\",\"@graph\":[{\"@type\":\"WebPage\",\"@id\":\"https:\\\/\\\/zelina.mx\\\/product\\\/brassiere-liso-con-argolla-de-diamantes\\\/\",\"url\":\"https:\\\/\\\/zelina.mx\\\/product\\\/brassiere-liso-con-argolla-de-diamantes\\\/\",\"name\":\"Brassiere Liso con Argolla de Diamantes - Zelina Lingerie\",\"isPartOf\":{\"@id\":\"https:\\\/\\\/zelina.mx\\\/#website\"},\"primaryImageOfPage\":{\"@id\":\"https:\\\/\\\/zelina.mx\\\/product\\\/brassiere-liso-con-argolla-de-diamantes\\\/#primaryimage\"},\"image\":{\"@id\":\"https:\\\/\\\/zelina.mx\\\/product\\\/brassiere-liso-con-argolla-de-diamantes\\\/#primaryimage\"},\"thumbnailUrl\":\"https:\\\/\\\/zelina.mx\\\/wp-content\\\/uploads\\\/2024\\\/12\\\/2032_1799.jpg\",\"datePublished\":\"2024-12-20T04:59:40+00:00\",\"dateModified\":\"2025-03-03T23:42:54+00:00\",\"description\":\"Brassiere liso con copas suaves, tirantes ajustables y cierre de ganchos. Con argolla de diamantes para un toque de elegancia y comodidad. \u00a1Compra ahora en Zelina!\",\"breadcrumb\":{\"@id\":\"https:\\\/\\\/zelina.mx\\\/product\\\/brassiere-liso-con-argolla-de-diamantes\\\/#breadcrumb\"},\"inLanguage\":\"en-US\",\"potentialAction\":[{\"@type\":\"ReadAction\",\"target\":[\"https:\\\/\\\/zelina.mx\\\/product\\\/brassiere-liso-con-argolla-de-diamantes\\\/\"]}]},{\"@type\":\"ImageObject\",\"inLanguage\":\"en-US\",\"@id\":\"https:\\\/\\\/zelina.mx\\\/product\\\/brassiere-liso-con-argolla-de-diamantes\\\/#primaryimage\",\"url\":\"https:\\\/\\\/zelina.mx\\\/wp-content\\\/uploads\\\/2024\\\/12\\\/2032_1799.jpg\",\"contentUrl\":\"https:\\\/\\\/zelina.mx\\\/wp-content\\\/uploads\\\/2024\\\/12\\\/2032_1799.jpg\",\"width\":768,\"height\":1130},{\"@type\":\"BreadcrumbList\",\"@id\":\"https:\\\/\\\/zelina.mx\\\/product\\\/brassiere-liso-con-argolla-de-diamantes\\\/#breadcrumb\",\"itemListElement\":[{\"@type\":\"ListItem\",\"position\":1,\"name\":\"Inicio\",\"item\":\"https:\\\/\\\/zelina.mx\\\/\"},{\"@type\":\"ListItem\",\"position\":2,\"name\":\"Brassiere Liso con Argolla de Diamantes\"}]},{\"@type\":\"WebSite\",\"@id\":\"https:\\\/\\\/zelina.mx\\\/#website\",\"url\":\"https:\\\/\\\/zelina.mx\\\/\",\"name\":\"Zelina Lingerie\",\"description\":\"El espacio donde ser sexy es un estilo de vida\",\"publisher\":{\"@id\":\"https:\\\/\\\/zelina.mx\\\/#organization\"},\"potentialAction\":[{\"@type\":\"SearchAction\",\"target\":{\"@type\":\"EntryPoint\",\"urlTemplate\":\"https:\\\/\\\/zelina.mx\\\/?s={search_term_string}\"},\"query-input\":{\"@type\":\"PropertyValueSpecification\",\"valueRequired\":true,\"valueName\":\"search_term_string\"}}],\"inLanguage\":\"en-US\"},{\"@type\":\"Organization\",\"@id\":\"https:\\\/\\\/zelina.mx\\\/#organization\",\"name\":\"Zelina Lingerie\",\"url\":\"https:\\\/\\\/zelina.mx\\\/\",\"logo\":{\"@type\":\"ImageObject\",\"inLanguage\":\"en-US\",\"@id\":\"https:\\\/\\\/zelina.mx\\\/#\\\/schema\\\/logo\\\/image\\\/\",\"url\":\"https:\\\/\\\/zelina.mx\\\/wp-content\\\/uploads\\\/2019\\\/11\\\/cropped-cropped-cropped-cropped-Zelina-logos-G.png\",\"contentUrl\":\"https:\\\/\\\/zelina.mx\\\/wp-content\\\/uploads\\\/2019\\\/11\\\/cropped-cropped-cropped-cropped-Zelina-logos-G.png\",\"width\":199,\"height\":80,\"caption\":\"Zelina Lingerie\"},\"image\":{\"@id\":\"https:\\\/\\\/zelina.mx\\\/#\\\/schema\\\/logo\\\/image\\\/\"},\"sameAs\":[\"https:\\\/\\\/www.facebook.com\\\/Secrets.by.Zelina\\\/\",\"https:\\\/\\\/www.instagram.com\\\/secretsbyzelina\\\/\"]}]}<\/script>\n<!-- \/ Yoast SEO plugin. -->","yoast_head_json":{"title":"Brassiere Liso con Argolla de Diamantes - Zelina Lingerie","description":"Brassiere liso con copas suaves, tirantes ajustables y cierre de ganchos. Con argolla de diamantes para un toque de elegancia y comodidad. \u00a1Compra ahora en Zelina!","robots":{"index":"index","follow":"follow","max-snippet":"max-snippet:-1","max-image-preview":"max-image-preview:large","max-video-preview":"max-video-preview:-1"},"canonical":"https:\/\/zelina.mx\/en\/product\/brassiere-liso-con-argolla-de-diamantes\/","og_locale":"en_US","og_type":"article","og_title":"Brassiere Liso con Argolla de Diamantes - Zelina Lingerie","og_description":"Brassiere liso con copas suaves, tirantes ajustables y cierre de ganchos. Con argolla de diamantes para un toque de elegancia y comodidad. \u00a1Compra ahora en Zelina!","og_url":"https:\/\/zelina.mx\/en\/product\/brassiere-liso-con-argolla-de-diamantes\/","og_site_name":"Zelina Lingerie","article_publisher":"https:\/\/www.facebook.com\/Secrets.by.Zelina\/","article_modified_time":"2025-03-03T23:42:54+00:00","og_image":[{"width":768,"height":1130,"url":"https:\/\/zelina.mx\/wp-content\/uploads\/2024\/12\/2032_1799.jpg","type":"image\/jpeg"}],"twitter_card":"summary_large_image","schema":{"@context":"https:\/\/schema.org","@graph":[{"@type":"WebPage","@id":"https:\/\/zelina.mx\/product\/brassiere-liso-con-argolla-de-diamantes\/","url":"https:\/\/zelina.mx\/product\/brassiere-liso-con-argolla-de-diamantes\/","name":"Brassiere Liso con Argolla de Diamantes - Zelina Lingerie","isPartOf":{"@id":"https:\/\/zelina.mx\/#website"},"primaryImageOfPage":{"@id":"https:\/\/zelina.mx\/product\/brassiere-liso-con-argolla-de-diamantes\/#primaryimage"},"image":{"@id":"https:\/\/zelina.mx\/product\/brassiere-liso-con-argolla-de-diamantes\/#primaryimage"},"thumbnailUrl":"https:\/\/zelina.mx\/wp-content\/uploads\/2024\/12\/2032_1799.jpg","datePublished":"2024-12-20T04:59:40+00:00","dateModified":"2025-03-03T23:42:54+00:00","description":"Brassiere liso con copas suaves, tirantes ajustables y cierre de ganchos. Con argolla de diamantes para un toque de elegancia y comodidad. \u00a1Compra ahora en Zelina!","breadcrumb":{"@id":"https:\/\/zelina.mx\/product\/brassiere-liso-con-argolla-de-diamantes\/#breadcrumb"},"inLanguage":"en-US","potentialAction":[{"@type":"ReadAction","target":["https:\/\/zelina.mx\/product\/brassiere-liso-con-argolla-de-diamantes\/"]}]},{"@type":"ImageObject","inLanguage":"en-US","@id":"https:\/\/zelina.mx\/product\/brassiere-liso-con-argolla-de-diamantes\/#primaryimage","url":"https:\/\/zelina.mx\/wp-content\/uploads\/2024\/12\/2032_1799.jpg","contentUrl":"https:\/\/zelina.mx\/wp-content\/uploads\/2024\/12\/2032_1799.jpg","width":768,"height":1130},{"@type":"BreadcrumbList","@id":"https:\/\/zelina.mx\/product\/brassiere-liso-con-argolla-de-diamantes\/#breadcrumb","itemListElement":[{"@type":"ListItem","position":1,"name":"Inicio","item":"https:\/\/zelina.mx\/"},{"@type":"ListItem","position":2,"name":"Brassiere Liso con Argolla de Diamantes"}]},{"@type":"WebSite","@id":"https:\/\/zelina.mx\/#website","url":"https:\/\/zelina.mx\/","name":"Zelina Lingerie","description":"El espacio donde ser sexy es un estilo de vida","publisher":{"@id":"https:\/\/zelina.mx\/#organization"},"potentialAction":[{"@type":"SearchAction","target":{"@type":"EntryPoint","urlTemplate":"https:\/\/zelina.mx\/?s={search_term_string}"},"query-input":{"@type":"PropertyValueSpecification","valueRequired":true,"valueName":"search_term_string"}}],"inLanguage":"en-US"},{"@type":"Organization","@id":"https:\/\/zelina.mx\/#organization","name":"Zelina Lingerie","url":"https:\/\/zelina.mx\/","logo":{"@type":"ImageObject","inLanguage":"en-US","@id":"https:\/\/zelina.mx\/#\/schema\/logo\/image\/","url":"https:\/\/zelina.mx\/wp-content\/uploads\/2019\/11\/cropped-cropped-cropped-cropped-Zelina-logos-G.png","contentUrl":"https:\/\/zelina.mx\/wp-content\/uploads\/2019\/11\/cropped-cropped-cropped-cropped-Zelina-logos-G.png","width":199,"height":80,"caption":"Zelina Lingerie"},"image":{"@id":"https:\/\/zelina.mx\/#\/schema\/logo\/image\/"},"sameAs":["https:\/\/www.facebook.com\/Secrets.by.Zelina\/","https:\/\/www.instagram.com\/secretsbyzelina\/"]}]}},"_links":{"self":[{"href":"https:\/\/zelina.mx\/en\/wp-json\/wp\/v2\/product\/41539","targetHints":{"allow":["GET"]}}],"collection":[{"href":"https:\/\/zelina.mx\/en\/wp-json\/wp\/v2\/product"}],"about":[{"href":"https:\/\/zelina.mx\/en\/wp-json\/wp\/v2\/types\/product"}],"wp:featuredmedia":[{"embeddable":true,"href":"https:\/\/zelina.mx\/en\/wp-json\/wp\/v2\/media\/41558"}],"wp:attachment":[{"href":"https:\/\/zelina.mx\/en\/wp-json\/wp\/v2\/media?parent=41539"}],"wp:term":[{"taxonomy":"product_brand","embeddable":true,"href":"https:\/\/zelina.mx\/en\/wp-json\/wp\/v2\/product_brand?post=41539"},{"taxonomy":"product_cat","embeddable":true,"href":"https:\/\/zelina.mx\/en\/wp-json\/wp\/v2\/product_cat?post=41539"},{"taxonomy":"product_tag","embeddable":true,"href":"https:\/\/zelina.mx\/en\/wp-json\/wp\/v2\/product_tag?post=41539"}],"curies":[{"name":"wp","href":"https:\/\/api.w.org\/{rel}","templated":true}]}}