{"id":41410,"date":"2024-12-19T22:26:17","date_gmt":"2024-12-20T04:26:17","guid":{"rendered":"https:\/\/zelina.mx\/?post_type=product&#038;p=41410"},"modified":"2024-12-20T19:17:47","modified_gmt":"2024-12-21T01:17:47","slug":"tanga-de-encaje-floral-con-ribete-en-cintura-e-intercalado","status":"publish","type":"product","link":"https:\/\/zelina.mx\/en\/product\/tanga-de-encaje-floral-con-ribete-en-cintura-e-intercalado\/","title":{"rendered":"Tanga de Encaje Floral con Ribete en Cintura e Intercalado"},"content":{"rendered":"<p><span style=\"font-weight: 400\">Elegancia y suavidad se unen en esta tanga de microfibra, dise\u00f1ada para brindarte comodidad durante todo el d\u00ed\u00ada. Las delicadas aplicaciones doradas a\u00f1aden un toque de lujo, haciendo de esta pieza un esencial sofisticado en tu colecci\u00f3n \u00ed\u00adntima.<\/span><\/p>","protected":false},"excerpt":{"rendered":"<p><span style=\"font-weight: 400\">Elegancia y suavidad se unen en esta tanga de microfibra, dise\u00f1ada para brindarte comodidad durante todo el d\u00ed\u00ada. Las delicadas aplicaciones doradas a\u00f1aden un toque de lujo, haciendo de esta pieza un esencial sofisticado en tu colecci\u00f3n \u00ed\u00adntima.<\/span><\/p>","protected":false},"featured_media":41421,"template":"","meta":{"_exactmetrics_skip_tracking":false,"_exactmetrics_sitenote_active":false,"_exactmetrics_sitenote_note":"","_exactmetrics_sitenote_category":0},"product_brand":[],"product_cat":[289,506,255,622],"product_tag":[],"class_list":{"0":"post-41410","1":"product","2":"type-product","3":"status-publish","4":"has-post-thumbnail","6":"product_cat-bottom","7":"product_cat-new-in","8":"product_cat-tanga","9":"product_cat-the-holiday-collection","11":"first","12":"instock","13":"shipping-taxable","14":"purchasable","15":"product-type-variable"},"yoast_head":"<!-- This site is optimized with the Yoast SEO plugin v27.5 - https:\/\/yoast.com\/product\/yoast-seo-wordpress\/ -->\n<title>Tanga de Encaje Floral con Ribete en Cintura e Intercalado - Zelina Lingerie<\/title>\n<meta name=\"description\" content=\"Luce elegante con la tanga de encaje floral, con ribetes en la cintura e intercalados. Confort y estilo para resaltar tu figura. \u00a1Compra ahora en Zelina!\" \/>\n<meta name=\"robots\" content=\"index, follow, max-snippet:-1, max-image-preview:large, max-video-preview:-1\" \/>\n<link rel=\"canonical\" href=\"https:\/\/zelina.mx\/en\/product\/tanga-de-encaje-floral-con-ribete-en-cintura-e-intercalado\/\" \/>\n<meta property=\"og:locale\" content=\"en_US\" \/>\n<meta property=\"og:type\" content=\"article\" \/>\n<meta property=\"og:title\" content=\"Tanga de Encaje Floral con Ribete en Cintura e Intercalado - Zelina Lingerie\" \/>\n<meta property=\"og:description\" content=\"Luce elegante con la tanga de encaje floral, con ribetes en la cintura e intercalados. Confort y estilo para resaltar tu figura. \u00a1Compra ahora en Zelina!\" \/>\n<meta property=\"og:url\" content=\"https:\/\/zelina.mx\/en\/product\/tanga-de-encaje-floral-con-ribete-en-cintura-e-intercalado\/\" \/>\n<meta property=\"og:site_name\" content=\"Zelina Lingerie\" \/>\n<meta property=\"article:publisher\" content=\"https:\/\/www.facebook.com\/Secrets.by.Zelina\/\" \/>\n<meta property=\"article:modified_time\" content=\"2024-12-21T01:17:47+00:00\" \/>\n<meta property=\"og:image\" content=\"https:\/\/zelina.mx\/wp-content\/uploads\/2024\/12\/2024-1.jpg\" \/>\n\t<meta property=\"og:image:width\" content=\"768\" \/>\n\t<meta property=\"og:image:height\" content=\"1130\" \/>\n\t<meta property=\"og:image:type\" content=\"image\/jpeg\" \/>\n<meta name=\"twitter:card\" content=\"summary_large_image\" \/>\n<script type=\"application\/ld+json\" class=\"yoast-schema-graph\">{\"@context\":\"https:\\\/\\\/schema.org\",\"@graph\":[{\"@type\":\"WebPage\",\"@id\":\"https:\\\/\\\/zelina.mx\\\/product\\\/tanga-de-encaje-floral-con-ribete-en-cintura-e-intercalado\\\/\",\"url\":\"https:\\\/\\\/zelina.mx\\\/product\\\/tanga-de-encaje-floral-con-ribete-en-cintura-e-intercalado\\\/\",\"name\":\"Tanga de Encaje Floral con Ribete en Cintura e Intercalado - Zelina Lingerie\",\"isPartOf\":{\"@id\":\"https:\\\/\\\/zelina.mx\\\/#website\"},\"primaryImageOfPage\":{\"@id\":\"https:\\\/\\\/zelina.mx\\\/product\\\/tanga-de-encaje-floral-con-ribete-en-cintura-e-intercalado\\\/#primaryimage\"},\"image\":{\"@id\":\"https:\\\/\\\/zelina.mx\\\/product\\\/tanga-de-encaje-floral-con-ribete-en-cintura-e-intercalado\\\/#primaryimage\"},\"thumbnailUrl\":\"https:\\\/\\\/zelina.mx\\\/wp-content\\\/uploads\\\/2024\\\/12\\\/2024-1.jpg\",\"datePublished\":\"2024-12-20T04:26:17+00:00\",\"dateModified\":\"2024-12-21T01:17:47+00:00\",\"description\":\"Luce elegante con la tanga de encaje floral, con ribetes en la cintura e intercalados. Confort y estilo para resaltar tu figura. \u00a1Compra ahora en Zelina!\",\"breadcrumb\":{\"@id\":\"https:\\\/\\\/zelina.mx\\\/product\\\/tanga-de-encaje-floral-con-ribete-en-cintura-e-intercalado\\\/#breadcrumb\"},\"inLanguage\":\"en-US\",\"potentialAction\":[{\"@type\":\"ReadAction\",\"target\":[\"https:\\\/\\\/zelina.mx\\\/product\\\/tanga-de-encaje-floral-con-ribete-en-cintura-e-intercalado\\\/\"]}]},{\"@type\":\"ImageObject\",\"inLanguage\":\"en-US\",\"@id\":\"https:\\\/\\\/zelina.mx\\\/product\\\/tanga-de-encaje-floral-con-ribete-en-cintura-e-intercalado\\\/#primaryimage\",\"url\":\"https:\\\/\\\/zelina.mx\\\/wp-content\\\/uploads\\\/2024\\\/12\\\/2024-1.jpg\",\"contentUrl\":\"https:\\\/\\\/zelina.mx\\\/wp-content\\\/uploads\\\/2024\\\/12\\\/2024-1.jpg\",\"width\":768,\"height\":1130},{\"@type\":\"BreadcrumbList\",\"@id\":\"https:\\\/\\\/zelina.mx\\\/product\\\/tanga-de-encaje-floral-con-ribete-en-cintura-e-intercalado\\\/#breadcrumb\",\"itemListElement\":[{\"@type\":\"ListItem\",\"position\":1,\"name\":\"Inicio\",\"item\":\"https:\\\/\\\/zelina.mx\\\/\"},{\"@type\":\"ListItem\",\"position\":2,\"name\":\"Tanga de Encaje Floral con Ribete en Cintura e Intercalado\"}]},{\"@type\":\"WebSite\",\"@id\":\"https:\\\/\\\/zelina.mx\\\/#website\",\"url\":\"https:\\\/\\\/zelina.mx\\\/\",\"name\":\"Zelina Lingerie\",\"description\":\"El espacio donde ser sexy es un estilo de vida\",\"publisher\":{\"@id\":\"https:\\\/\\\/zelina.mx\\\/#organization\"},\"potentialAction\":[{\"@type\":\"SearchAction\",\"target\":{\"@type\":\"EntryPoint\",\"urlTemplate\":\"https:\\\/\\\/zelina.mx\\\/?s={search_term_string}\"},\"query-input\":{\"@type\":\"PropertyValueSpecification\",\"valueRequired\":true,\"valueName\":\"search_term_string\"}}],\"inLanguage\":\"en-US\"},{\"@type\":\"Organization\",\"@id\":\"https:\\\/\\\/zelina.mx\\\/#organization\",\"name\":\"Zelina Lingerie\",\"url\":\"https:\\\/\\\/zelina.mx\\\/\",\"logo\":{\"@type\":\"ImageObject\",\"inLanguage\":\"en-US\",\"@id\":\"https:\\\/\\\/zelina.mx\\\/#\\\/schema\\\/logo\\\/image\\\/\",\"url\":\"https:\\\/\\\/zelina.mx\\\/wp-content\\\/uploads\\\/2019\\\/11\\\/cropped-cropped-cropped-cropped-Zelina-logos-G.png\",\"contentUrl\":\"https:\\\/\\\/zelina.mx\\\/wp-content\\\/uploads\\\/2019\\\/11\\\/cropped-cropped-cropped-cropped-Zelina-logos-G.png\",\"width\":199,\"height\":80,\"caption\":\"Zelina Lingerie\"},\"image\":{\"@id\":\"https:\\\/\\\/zelina.mx\\\/#\\\/schema\\\/logo\\\/image\\\/\"},\"sameAs\":[\"https:\\\/\\\/www.facebook.com\\\/Secrets.by.Zelina\\\/\",\"https:\\\/\\\/www.instagram.com\\\/secretsbyzelina\\\/\"]}]}<\/script>\n<!-- \/ Yoast SEO plugin. -->","yoast_head_json":{"title":"Tanga de Encaje Floral con Ribete en Cintura e Intercalado - Zelina Lingerie","description":"Luce elegante con la tanga de encaje floral, con ribetes en la cintura e intercalados. Confort y estilo para resaltar tu figura. \u00a1Compra ahora en Zelina!","robots":{"index":"index","follow":"follow","max-snippet":"max-snippet:-1","max-image-preview":"max-image-preview:large","max-video-preview":"max-video-preview:-1"},"canonical":"https:\/\/zelina.mx\/en\/product\/tanga-de-encaje-floral-con-ribete-en-cintura-e-intercalado\/","og_locale":"en_US","og_type":"article","og_title":"Tanga de Encaje Floral con Ribete en Cintura e Intercalado - Zelina Lingerie","og_description":"Luce elegante con la tanga de encaje floral, con ribetes en la cintura e intercalados. Confort y estilo para resaltar tu figura. \u00a1Compra ahora en Zelina!","og_url":"https:\/\/zelina.mx\/en\/product\/tanga-de-encaje-floral-con-ribete-en-cintura-e-intercalado\/","og_site_name":"Zelina Lingerie","article_publisher":"https:\/\/www.facebook.com\/Secrets.by.Zelina\/","article_modified_time":"2024-12-21T01:17:47+00:00","og_image":[{"width":768,"height":1130,"url":"https:\/\/zelina.mx\/wp-content\/uploads\/2024\/12\/2024-1.jpg","type":"image\/jpeg"}],"twitter_card":"summary_large_image","schema":{"@context":"https:\/\/schema.org","@graph":[{"@type":"WebPage","@id":"https:\/\/zelina.mx\/product\/tanga-de-encaje-floral-con-ribete-en-cintura-e-intercalado\/","url":"https:\/\/zelina.mx\/product\/tanga-de-encaje-floral-con-ribete-en-cintura-e-intercalado\/","name":"Tanga de Encaje Floral con Ribete en Cintura e Intercalado - Zelina Lingerie","isPartOf":{"@id":"https:\/\/zelina.mx\/#website"},"primaryImageOfPage":{"@id":"https:\/\/zelina.mx\/product\/tanga-de-encaje-floral-con-ribete-en-cintura-e-intercalado\/#primaryimage"},"image":{"@id":"https:\/\/zelina.mx\/product\/tanga-de-encaje-floral-con-ribete-en-cintura-e-intercalado\/#primaryimage"},"thumbnailUrl":"https:\/\/zelina.mx\/wp-content\/uploads\/2024\/12\/2024-1.jpg","datePublished":"2024-12-20T04:26:17+00:00","dateModified":"2024-12-21T01:17:47+00:00","description":"Luce elegante con la tanga de encaje floral, con ribetes en la cintura e intercalados. Confort y estilo para resaltar tu figura. \u00a1Compra ahora en Zelina!","breadcrumb":{"@id":"https:\/\/zelina.mx\/product\/tanga-de-encaje-floral-con-ribete-en-cintura-e-intercalado\/#breadcrumb"},"inLanguage":"en-US","potentialAction":[{"@type":"ReadAction","target":["https:\/\/zelina.mx\/product\/tanga-de-encaje-floral-con-ribete-en-cintura-e-intercalado\/"]}]},{"@type":"ImageObject","inLanguage":"en-US","@id":"https:\/\/zelina.mx\/product\/tanga-de-encaje-floral-con-ribete-en-cintura-e-intercalado\/#primaryimage","url":"https:\/\/zelina.mx\/wp-content\/uploads\/2024\/12\/2024-1.jpg","contentUrl":"https:\/\/zelina.mx\/wp-content\/uploads\/2024\/12\/2024-1.jpg","width":768,"height":1130},{"@type":"BreadcrumbList","@id":"https:\/\/zelina.mx\/product\/tanga-de-encaje-floral-con-ribete-en-cintura-e-intercalado\/#breadcrumb","itemListElement":[{"@type":"ListItem","position":1,"name":"Inicio","item":"https:\/\/zelina.mx\/"},{"@type":"ListItem","position":2,"name":"Tanga de Encaje Floral con Ribete en Cintura e Intercalado"}]},{"@type":"WebSite","@id":"https:\/\/zelina.mx\/#website","url":"https:\/\/zelina.mx\/","name":"Zelina Lingerie","description":"El espacio donde ser sexy es un estilo de vida","publisher":{"@id":"https:\/\/zelina.mx\/#organization"},"potentialAction":[{"@type":"SearchAction","target":{"@type":"EntryPoint","urlTemplate":"https:\/\/zelina.mx\/?s={search_term_string}"},"query-input":{"@type":"PropertyValueSpecification","valueRequired":true,"valueName":"search_term_string"}}],"inLanguage":"en-US"},{"@type":"Organization","@id":"https:\/\/zelina.mx\/#organization","name":"Zelina Lingerie","url":"https:\/\/zelina.mx\/","logo":{"@type":"ImageObject","inLanguage":"en-US","@id":"https:\/\/zelina.mx\/#\/schema\/logo\/image\/","url":"https:\/\/zelina.mx\/wp-content\/uploads\/2019\/11\/cropped-cropped-cropped-cropped-Zelina-logos-G.png","contentUrl":"https:\/\/zelina.mx\/wp-content\/uploads\/2019\/11\/cropped-cropped-cropped-cropped-Zelina-logos-G.png","width":199,"height":80,"caption":"Zelina Lingerie"},"image":{"@id":"https:\/\/zelina.mx\/#\/schema\/logo\/image\/"},"sameAs":["https:\/\/www.facebook.com\/Secrets.by.Zelina\/","https:\/\/www.instagram.com\/secretsbyzelina\/"]}]}},"_links":{"self":[{"href":"https:\/\/zelina.mx\/en\/wp-json\/wp\/v2\/product\/41410","targetHints":{"allow":["GET"]}}],"collection":[{"href":"https:\/\/zelina.mx\/en\/wp-json\/wp\/v2\/product"}],"about":[{"href":"https:\/\/zelina.mx\/en\/wp-json\/wp\/v2\/types\/product"}],"wp:featuredmedia":[{"embeddable":true,"href":"https:\/\/zelina.mx\/en\/wp-json\/wp\/v2\/media\/41421"}],"wp:attachment":[{"href":"https:\/\/zelina.mx\/en\/wp-json\/wp\/v2\/media?parent=41410"}],"wp:term":[{"taxonomy":"product_brand","embeddable":true,"href":"https:\/\/zelina.mx\/en\/wp-json\/wp\/v2\/product_brand?post=41410"},{"taxonomy":"product_cat","embeddable":true,"href":"https:\/\/zelina.mx\/en\/wp-json\/wp\/v2\/product_cat?post=41410"},{"taxonomy":"product_tag","embeddable":true,"href":"https:\/\/zelina.mx\/en\/wp-json\/wp\/v2\/product_tag?post=41410"}],"curies":[{"name":"wp","href":"https:\/\/api.w.org\/{rel}","templated":true}]}}