{"id":40898,"date":"2024-09-18T14:45:24","date_gmt":"2024-09-18T20:45:24","guid":{"rendered":"https:\/\/zelina.mx\/?post_type=product&#038;p=40898"},"modified":"2025-04-30T11:53:49","modified_gmt":"2025-04-30T17:53:49","slug":"tanga-de-microfibra-con-aplicaciones-en-dorado","status":"publish","type":"product","link":"https:\/\/zelina.mx\/en\/product\/tanga-de-microfibra-con-aplicaciones-en-dorado\/","title":{"rendered":"Tanga de microfibra con aplicaciones en dorado."},"content":{"rendered":"<p><span style=\"font-weight: 400\">Elegancia y suavidad se unen en esta tanga de microfibra, dise\u00f1ada para brindarte comodidad durante todo el d\u00ed\u00ada. Las delicadas aplicaciones doradas a\u00f1aden un toque de lujo, haciendo de esta pieza un esencial sofisticado en tu colecci\u00f3n \u00ed\u00adntima.<\/span><\/p>","protected":false},"excerpt":{"rendered":"<p><span style=\"font-weight: 400\">Elegancia y suavidad se unen en esta tanga de microfibra, dise\u00f1ada para brindarte comodidad durante todo el d\u00ed\u00ada. Las delicadas aplicaciones doradas a\u00f1aden un toque de lujo, haciendo de esta pieza un esencial sofisticado en tu colecci\u00f3n \u00ed\u00adntima.<\/span><\/p>","protected":false},"featured_media":40865,"template":"","meta":{"_exactmetrics_skip_tracking":false,"_exactmetrics_sitenote_active":false,"_exactmetrics_sitenote_note":"","_exactmetrics_sitenote_category":0},"product_brand":[],"product_cat":[289,506,255],"product_tag":[],"class_list":{"0":"post-40898","1":"product","2":"type-product","3":"status-publish","4":"has-post-thumbnail","6":"product_cat-bottom","7":"product_cat-new-in","8":"product_cat-tanga","10":"first","11":"instock","12":"shipping-taxable","13":"purchasable","14":"product-type-variable"},"yoast_head":"<!-- This site is optimized with the Yoast SEO plugin v27.5 - https:\/\/yoast.com\/product\/yoast-seo-wordpress\/ -->\n<title>Tanga de microfibra con aplicaciones en dorado. - Zelina Lingerie<\/title>\n<meta name=\"description\" content=\"Descubre tu lado m\u00e1s sensual con nuestra Tanga. Confeccionado en suave microfibra \u00a1Solo en Zelina Lingerie!\" \/>\n<meta name=\"robots\" content=\"index, follow, max-snippet:-1, max-image-preview:large, max-video-preview:-1\" \/>\n<link rel=\"canonical\" href=\"https:\/\/zelina.mx\/en\/product\/tanga-de-microfibra-con-aplicaciones-en-dorado\/\" \/>\n<meta property=\"og:locale\" content=\"en_US\" \/>\n<meta property=\"og:type\" content=\"article\" \/>\n<meta property=\"og:title\" content=\"Tanga de microfibra con aplicaciones en dorado. - Zelina Lingerie\" \/>\n<meta property=\"og:description\" content=\"Descubre tu lado m\u00e1s sensual con nuestra Tanga. Confeccionado en suave microfibra \u00a1Solo en Zelina Lingerie!\" \/>\n<meta property=\"og:url\" content=\"https:\/\/zelina.mx\/en\/product\/tanga-de-microfibra-con-aplicaciones-en-dorado\/\" \/>\n<meta property=\"og:site_name\" content=\"Zelina Lingerie\" \/>\n<meta property=\"article:publisher\" content=\"https:\/\/www.facebook.com\/Secrets.by.Zelina\/\" \/>\n<meta property=\"article:modified_time\" content=\"2025-04-30T17:53:49+00:00\" \/>\n<meta property=\"og:image\" content=\"https:\/\/zelina.mx\/wp-content\/uploads\/2024\/09\/20.png\" \/>\n\t<meta property=\"og:image:width\" content=\"768\" \/>\n\t<meta property=\"og:image:height\" content=\"1130\" \/>\n\t<meta property=\"og:image:type\" content=\"image\/png\" \/>\n<meta name=\"twitter:card\" content=\"summary_large_image\" \/>\n<script type=\"application\/ld+json\" class=\"yoast-schema-graph\">{\"@context\":\"https:\\\/\\\/schema.org\",\"@graph\":[{\"@type\":\"WebPage\",\"@id\":\"https:\\\/\\\/zelina.mx\\\/product\\\/tanga-de-microfibra-con-aplicaciones-en-dorado\\\/\",\"url\":\"https:\\\/\\\/zelina.mx\\\/product\\\/tanga-de-microfibra-con-aplicaciones-en-dorado\\\/\",\"name\":\"Tanga de microfibra con aplicaciones en dorado. - Zelina Lingerie\",\"isPartOf\":{\"@id\":\"https:\\\/\\\/zelina.mx\\\/#website\"},\"primaryImageOfPage\":{\"@id\":\"https:\\\/\\\/zelina.mx\\\/product\\\/tanga-de-microfibra-con-aplicaciones-en-dorado\\\/#primaryimage\"},\"image\":{\"@id\":\"https:\\\/\\\/zelina.mx\\\/product\\\/tanga-de-microfibra-con-aplicaciones-en-dorado\\\/#primaryimage\"},\"thumbnailUrl\":\"https:\\\/\\\/zelina.mx\\\/wp-content\\\/uploads\\\/2024\\\/09\\\/20.png\",\"datePublished\":\"2024-09-18T20:45:24+00:00\",\"dateModified\":\"2025-04-30T17:53:49+00:00\",\"description\":\"Descubre tu lado m\u00e1s sensual con nuestra Tanga. Confeccionado en suave microfibra \u00a1Solo en Zelina Lingerie!\",\"breadcrumb\":{\"@id\":\"https:\\\/\\\/zelina.mx\\\/product\\\/tanga-de-microfibra-con-aplicaciones-en-dorado\\\/#breadcrumb\"},\"inLanguage\":\"en-US\",\"potentialAction\":[{\"@type\":\"ReadAction\",\"target\":[\"https:\\\/\\\/zelina.mx\\\/product\\\/tanga-de-microfibra-con-aplicaciones-en-dorado\\\/\"]}]},{\"@type\":\"ImageObject\",\"inLanguage\":\"en-US\",\"@id\":\"https:\\\/\\\/zelina.mx\\\/product\\\/tanga-de-microfibra-con-aplicaciones-en-dorado\\\/#primaryimage\",\"url\":\"https:\\\/\\\/zelina.mx\\\/wp-content\\\/uploads\\\/2024\\\/09\\\/20.png\",\"contentUrl\":\"https:\\\/\\\/zelina.mx\\\/wp-content\\\/uploads\\\/2024\\\/09\\\/20.png\",\"width\":768,\"height\":1130},{\"@type\":\"BreadcrumbList\",\"@id\":\"https:\\\/\\\/zelina.mx\\\/product\\\/tanga-de-microfibra-con-aplicaciones-en-dorado\\\/#breadcrumb\",\"itemListElement\":[{\"@type\":\"ListItem\",\"position\":1,\"name\":\"Inicio\",\"item\":\"https:\\\/\\\/zelina.mx\\\/\"},{\"@type\":\"ListItem\",\"position\":2,\"name\":\"Tanga de microfibra con aplicaciones en dorado.\"}]},{\"@type\":\"WebSite\",\"@id\":\"https:\\\/\\\/zelina.mx\\\/#website\",\"url\":\"https:\\\/\\\/zelina.mx\\\/\",\"name\":\"Zelina Lingerie\",\"description\":\"El espacio donde ser sexy es un estilo de vida\",\"publisher\":{\"@id\":\"https:\\\/\\\/zelina.mx\\\/#organization\"},\"potentialAction\":[{\"@type\":\"SearchAction\",\"target\":{\"@type\":\"EntryPoint\",\"urlTemplate\":\"https:\\\/\\\/zelina.mx\\\/?s={search_term_string}\"},\"query-input\":{\"@type\":\"PropertyValueSpecification\",\"valueRequired\":true,\"valueName\":\"search_term_string\"}}],\"inLanguage\":\"en-US\"},{\"@type\":\"Organization\",\"@id\":\"https:\\\/\\\/zelina.mx\\\/#organization\",\"name\":\"Zelina Lingerie\",\"url\":\"https:\\\/\\\/zelina.mx\\\/\",\"logo\":{\"@type\":\"ImageObject\",\"inLanguage\":\"en-US\",\"@id\":\"https:\\\/\\\/zelina.mx\\\/#\\\/schema\\\/logo\\\/image\\\/\",\"url\":\"https:\\\/\\\/zelina.mx\\\/wp-content\\\/uploads\\\/2019\\\/11\\\/cropped-cropped-cropped-cropped-Zelina-logos-G.png\",\"contentUrl\":\"https:\\\/\\\/zelina.mx\\\/wp-content\\\/uploads\\\/2019\\\/11\\\/cropped-cropped-cropped-cropped-Zelina-logos-G.png\",\"width\":199,\"height\":80,\"caption\":\"Zelina Lingerie\"},\"image\":{\"@id\":\"https:\\\/\\\/zelina.mx\\\/#\\\/schema\\\/logo\\\/image\\\/\"},\"sameAs\":[\"https:\\\/\\\/www.facebook.com\\\/Secrets.by.Zelina\\\/\",\"https:\\\/\\\/www.instagram.com\\\/secretsbyzelina\\\/\"]}]}<\/script>\n<!-- \/ Yoast SEO plugin. -->","yoast_head_json":{"title":"Tanga de microfibra con aplicaciones en dorado. - Zelina Lingerie","description":"Descubre tu lado m\u00e1s sensual con nuestra Tanga. Confeccionado en suave microfibra \u00a1Solo en Zelina Lingerie!","robots":{"index":"index","follow":"follow","max-snippet":"max-snippet:-1","max-image-preview":"max-image-preview:large","max-video-preview":"max-video-preview:-1"},"canonical":"https:\/\/zelina.mx\/en\/product\/tanga-de-microfibra-con-aplicaciones-en-dorado\/","og_locale":"en_US","og_type":"article","og_title":"Tanga de microfibra con aplicaciones en dorado. - Zelina Lingerie","og_description":"Descubre tu lado m\u00e1s sensual con nuestra Tanga. Confeccionado en suave microfibra \u00a1Solo en Zelina Lingerie!","og_url":"https:\/\/zelina.mx\/en\/product\/tanga-de-microfibra-con-aplicaciones-en-dorado\/","og_site_name":"Zelina Lingerie","article_publisher":"https:\/\/www.facebook.com\/Secrets.by.Zelina\/","article_modified_time":"2025-04-30T17:53:49+00:00","og_image":[{"width":768,"height":1130,"url":"https:\/\/zelina.mx\/wp-content\/uploads\/2024\/09\/20.png","type":"image\/png"}],"twitter_card":"summary_large_image","schema":{"@context":"https:\/\/schema.org","@graph":[{"@type":"WebPage","@id":"https:\/\/zelina.mx\/product\/tanga-de-microfibra-con-aplicaciones-en-dorado\/","url":"https:\/\/zelina.mx\/product\/tanga-de-microfibra-con-aplicaciones-en-dorado\/","name":"Tanga de microfibra con aplicaciones en dorado. - Zelina Lingerie","isPartOf":{"@id":"https:\/\/zelina.mx\/#website"},"primaryImageOfPage":{"@id":"https:\/\/zelina.mx\/product\/tanga-de-microfibra-con-aplicaciones-en-dorado\/#primaryimage"},"image":{"@id":"https:\/\/zelina.mx\/product\/tanga-de-microfibra-con-aplicaciones-en-dorado\/#primaryimage"},"thumbnailUrl":"https:\/\/zelina.mx\/wp-content\/uploads\/2024\/09\/20.png","datePublished":"2024-09-18T20:45:24+00:00","dateModified":"2025-04-30T17:53:49+00:00","description":"Descubre tu lado m\u00e1s sensual con nuestra Tanga. Confeccionado en suave microfibra \u00a1Solo en Zelina Lingerie!","breadcrumb":{"@id":"https:\/\/zelina.mx\/product\/tanga-de-microfibra-con-aplicaciones-en-dorado\/#breadcrumb"},"inLanguage":"en-US","potentialAction":[{"@type":"ReadAction","target":["https:\/\/zelina.mx\/product\/tanga-de-microfibra-con-aplicaciones-en-dorado\/"]}]},{"@type":"ImageObject","inLanguage":"en-US","@id":"https:\/\/zelina.mx\/product\/tanga-de-microfibra-con-aplicaciones-en-dorado\/#primaryimage","url":"https:\/\/zelina.mx\/wp-content\/uploads\/2024\/09\/20.png","contentUrl":"https:\/\/zelina.mx\/wp-content\/uploads\/2024\/09\/20.png","width":768,"height":1130},{"@type":"BreadcrumbList","@id":"https:\/\/zelina.mx\/product\/tanga-de-microfibra-con-aplicaciones-en-dorado\/#breadcrumb","itemListElement":[{"@type":"ListItem","position":1,"name":"Inicio","item":"https:\/\/zelina.mx\/"},{"@type":"ListItem","position":2,"name":"Tanga de microfibra con aplicaciones en dorado."}]},{"@type":"WebSite","@id":"https:\/\/zelina.mx\/#website","url":"https:\/\/zelina.mx\/","name":"Zelina Lingerie","description":"El espacio donde ser sexy es un estilo de vida","publisher":{"@id":"https:\/\/zelina.mx\/#organization"},"potentialAction":[{"@type":"SearchAction","target":{"@type":"EntryPoint","urlTemplate":"https:\/\/zelina.mx\/?s={search_term_string}"},"query-input":{"@type":"PropertyValueSpecification","valueRequired":true,"valueName":"search_term_string"}}],"inLanguage":"en-US"},{"@type":"Organization","@id":"https:\/\/zelina.mx\/#organization","name":"Zelina Lingerie","url":"https:\/\/zelina.mx\/","logo":{"@type":"ImageObject","inLanguage":"en-US","@id":"https:\/\/zelina.mx\/#\/schema\/logo\/image\/","url":"https:\/\/zelina.mx\/wp-content\/uploads\/2019\/11\/cropped-cropped-cropped-cropped-Zelina-logos-G.png","contentUrl":"https:\/\/zelina.mx\/wp-content\/uploads\/2019\/11\/cropped-cropped-cropped-cropped-Zelina-logos-G.png","width":199,"height":80,"caption":"Zelina Lingerie"},"image":{"@id":"https:\/\/zelina.mx\/#\/schema\/logo\/image\/"},"sameAs":["https:\/\/www.facebook.com\/Secrets.by.Zelina\/","https:\/\/www.instagram.com\/secretsbyzelina\/"]}]}},"_links":{"self":[{"href":"https:\/\/zelina.mx\/en\/wp-json\/wp\/v2\/product\/40898","targetHints":{"allow":["GET"]}}],"collection":[{"href":"https:\/\/zelina.mx\/en\/wp-json\/wp\/v2\/product"}],"about":[{"href":"https:\/\/zelina.mx\/en\/wp-json\/wp\/v2\/types\/product"}],"wp:featuredmedia":[{"embeddable":true,"href":"https:\/\/zelina.mx\/en\/wp-json\/wp\/v2\/media\/40865"}],"wp:attachment":[{"href":"https:\/\/zelina.mx\/en\/wp-json\/wp\/v2\/media?parent=40898"}],"wp:term":[{"taxonomy":"product_brand","embeddable":true,"href":"https:\/\/zelina.mx\/en\/wp-json\/wp\/v2\/product_brand?post=40898"},{"taxonomy":"product_cat","embeddable":true,"href":"https:\/\/zelina.mx\/en\/wp-json\/wp\/v2\/product_cat?post=40898"},{"taxonomy":"product_tag","embeddable":true,"href":"https:\/\/zelina.mx\/en\/wp-json\/wp\/v2\/product_tag?post=40898"}],"curies":[{"name":"wp","href":"https:\/\/api.w.org\/{rel}","templated":true}]}}