{"id":39550,"date":"2024-03-22T12:01:07","date_gmt":"2024-03-22T18:01:07","guid":{"rendered":"https:\/\/zelina.mx\/?post_type=product&#038;p=39550"},"modified":"2025-01-22T12:14:18","modified_gmt":"2025-01-22T18:14:18","slug":"bralette-de-encaje-cuello-halter","status":"publish","type":"product","link":"https:\/\/zelina.mx\/en\/product\/bralette-de-encaje-cuello-halter\/","title":{"rendered":"Bralette de Encaje Cuello Halter"},"content":{"rendered":"<p><span style=\"font-weight: 400\">Creamos una pieza de lencer\u00ed\u00ada sensual para mujer que te dejar\u00e1 sin aliento.\u00a0<\/span><\/p>\n<p><span style=\"font-weight: 400\">Descubre nuestro Bralette de Encaje Cuello Halter: la combinaci\u00f3n perfecta de sensualidad y estilo que te har\u00e1 sentir segura y glamurosa en cualquier ocasi\u00f3n.\u00a0<\/span><\/p>\n<p><span style=\"font-weight: 400\">Sus detalles de encaje le dan un toque de elegancia, y su jareta en el cuello te brindar\u00e1 el ajuste perfecto.\u00a0<\/span><\/p>\n<p><span style=\"font-weight: 400\">Con este bralette tendr\u00e1s la combinaci\u00f3n ideal de comodidad y sofisticaci\u00f3n en cada uso.\u00a0<\/span><\/p>\n<p><strong>Detalles:<\/strong><\/p>\n<ul>\n<li style=\"font-weight: 400\"><span style=\"font-weight: 400\">Lencer\u00ed\u00ada para mujer<\/span><\/li>\n<li style=\"font-weight: 400\"><span style=\"font-weight: 400\">Lencer\u00ed\u00ada de encaje\u00c2\u00a0<\/span><\/li>\n<li style=\"font-weight: 400\"><span style=\"font-weight: 400\">Encaje suave<\/span><\/li>\n<li style=\"font-weight: 400\"><span style=\"font-weight: 400\">Ajustable<\/span><\/li>\n<li style=\"font-weight: 400\"><span style=\"font-weight: 400\">Hecho en M\u00e9xico<\/span><\/li>\n<\/ul>","protected":false},"excerpt":{"rendered":"<p><span style=\"font-weight: 400\">Creamos una pieza de lencer\u00ed\u00ada sensual para mujer que te dejar\u00e1 sin aliento.\u00a0<\/span><\/p>\n<p><span style=\"font-weight: 400\">Descubre nuestro Bralette de Encaje Cuello Halter: la combinaci\u00f3n perfecta de sensualidad y estilo que te har\u00e1 sentir segura y glamurosa en cualquier ocasi\u00f3n.\u00a0<\/span><\/p>\n<p><span style=\"font-weight: 400\">Sus detalles de encaje le dan un toque de elegancia, y su jareta en el cuello te brindar\u00e1 el ajuste perfecto.\u00a0<\/span><\/p>\n<p><span style=\"font-weight: 400\">Con este bralette tendr\u00e1s la combinaci\u00f3n ideal de comodidad y sofisticaci\u00f3n en cada uso.\u00a0<\/span><\/p>\n<p><strong>Detalles:<\/strong><\/p>\n<ul>\n<li style=\"font-weight: 400\"><span style=\"font-weight: 400\">Lencer\u00ed\u00ada para mujer<\/span><\/li>\n<li style=\"font-weight: 400\"><span style=\"font-weight: 400\">Lencer\u00ed\u00ada de encaje\u00c2\u00a0<\/span><\/li>\n<li style=\"font-weight: 400\"><span style=\"font-weight: 400\">Encaje suave<\/span><\/li>\n<li style=\"font-weight: 400\"><span style=\"font-weight: 400\">Ajustable<\/span><\/li>\n<li style=\"font-weight: 400\"><span style=\"font-weight: 400\">Hecho en M\u00e9xico<\/span><\/li>\n<\/ul>","protected":false},"featured_media":40212,"template":"","meta":{"_exactmetrics_skip_tracking":false,"_exactmetrics_sitenote_active":false,"_exactmetrics_sitenote_note":"","_exactmetrics_sitenote_category":0},"product_brand":[],"product_cat":[594,516,508,507],"product_tag":[165,528,116,522,271,502,483,592],"class_list":{"0":"post-39550","1":"product","2":"type-product","3":"status-publish","4":"has-post-thumbnail","6":"product_cat-best-sellers","7":"product_cat-bralette","8":"product_cat-tops","9":"product_cat-view-all","10":"product_tag-bralette","11":"product_tag-bralette-de-encaje","12":"product_tag-encaje","13":"product_tag-new-in","14":"product_tag-nuevo","15":"product_tag-tops","16":"product_tag-zelina","17":"product_tag-zelina-lingerie","19":"first","20":"instock","21":"shipping-taxable","22":"purchasable","23":"product-type-variable"},"yoast_head":"<!-- This site is optimized with the Yoast SEO plugin v27.5 - https:\/\/yoast.com\/product\/yoast-seo-wordpress\/ -->\n<title>Bralette de Encaje Cuello Halter - Zelina Lingerie<\/title>\n<meta name=\"description\" content=\"Descubre la combinaci\u00f3n perfecta de sensualidad y estilo con nuestro Bralette de Encaje Cuello Halter. Env\u00ed\u00ado gratis en compras a partir $350 MXN.\" \/>\n<meta name=\"robots\" content=\"index, follow, max-snippet:-1, max-image-preview:large, max-video-preview:-1\" \/>\n<link rel=\"canonical\" href=\"https:\/\/zelina.mx\/en\/product\/bralette-de-encaje-cuello-halter\/\" \/>\n<meta property=\"og:locale\" content=\"en_US\" \/>\n<meta property=\"og:type\" content=\"article\" \/>\n<meta property=\"og:title\" content=\"Bralette de Encaje Cuello Halter - Zelina Lingerie\" \/>\n<meta property=\"og:description\" content=\"Descubre la combinaci\u00f3n perfecta de sensualidad y estilo con nuestro Bralette de Encaje Cuello Halter. Env\u00ed\u00ado gratis en compras a partir $350 MXN.\" \/>\n<meta property=\"og:url\" content=\"https:\/\/zelina.mx\/en\/product\/bralette-de-encaje-cuello-halter\/\" \/>\n<meta property=\"og:site_name\" content=\"Zelina Lingerie\" \/>\n<meta property=\"article:publisher\" content=\"https:\/\/www.facebook.com\/Secrets.by.Zelina\/\" \/>\n<meta property=\"article:modified_time\" content=\"2025-01-22T18:14:18+00:00\" \/>\n<meta property=\"og:image\" content=\"https:\/\/zelina.mx\/wp-content\/uploads\/2024\/03\/1647-TOP-BL-CH.jpg\" \/>\n\t<meta property=\"og:image:width\" content=\"2760\" \/>\n\t<meta property=\"og:image:height\" content=\"4062\" \/>\n\t<meta property=\"og:image:type\" content=\"image\/jpeg\" \/>\n<meta name=\"twitter:card\" content=\"summary_large_image\" \/>\n<script type=\"application\/ld+json\" class=\"yoast-schema-graph\">{\"@context\":\"https:\\\/\\\/schema.org\",\"@graph\":[{\"@type\":\"WebPage\",\"@id\":\"https:\\\/\\\/zelina.mx\\\/product\\\/bralette-de-encaje-cuello-halter\\\/\",\"url\":\"https:\\\/\\\/zelina.mx\\\/product\\\/bralette-de-encaje-cuello-halter\\\/\",\"name\":\"Bralette de Encaje Cuello Halter - Zelina Lingerie\",\"isPartOf\":{\"@id\":\"https:\\\/\\\/zelina.mx\\\/#website\"},\"primaryImageOfPage\":{\"@id\":\"https:\\\/\\\/zelina.mx\\\/product\\\/bralette-de-encaje-cuello-halter\\\/#primaryimage\"},\"image\":{\"@id\":\"https:\\\/\\\/zelina.mx\\\/product\\\/bralette-de-encaje-cuello-halter\\\/#primaryimage\"},\"thumbnailUrl\":\"https:\\\/\\\/zelina.mx\\\/wp-content\\\/uploads\\\/2024\\\/03\\\/1647-TOP-BL-CH-scaled.jpg\",\"datePublished\":\"2024-03-22T18:01:07+00:00\",\"dateModified\":\"2025-01-22T18:14:18+00:00\",\"description\":\"Descubre la combinaci\u00f3n perfecta de sensualidad y estilo con nuestro Bralette de Encaje Cuello Halter. Env\u00ed\u00ado gratis en compras a partir $350 MXN.\",\"breadcrumb\":{\"@id\":\"https:\\\/\\\/zelina.mx\\\/product\\\/bralette-de-encaje-cuello-halter\\\/#breadcrumb\"},\"inLanguage\":\"en-US\",\"potentialAction\":[{\"@type\":\"ReadAction\",\"target\":[\"https:\\\/\\\/zelina.mx\\\/product\\\/bralette-de-encaje-cuello-halter\\\/\"]}]},{\"@type\":\"ImageObject\",\"inLanguage\":\"en-US\",\"@id\":\"https:\\\/\\\/zelina.mx\\\/product\\\/bralette-de-encaje-cuello-halter\\\/#primaryimage\",\"url\":\"https:\\\/\\\/zelina.mx\\\/wp-content\\\/uploads\\\/2024\\\/03\\\/1647-TOP-BL-CH-scaled.jpg\",\"contentUrl\":\"https:\\\/\\\/zelina.mx\\\/wp-content\\\/uploads\\\/2024\\\/03\\\/1647-TOP-BL-CH-scaled.jpg\",\"width\":1739,\"height\":2560},{\"@type\":\"BreadcrumbList\",\"@id\":\"https:\\\/\\\/zelina.mx\\\/product\\\/bralette-de-encaje-cuello-halter\\\/#breadcrumb\",\"itemListElement\":[{\"@type\":\"ListItem\",\"position\":1,\"name\":\"Inicio\",\"item\":\"https:\\\/\\\/zelina.mx\\\/\"},{\"@type\":\"ListItem\",\"position\":2,\"name\":\"Bralette de Encaje Cuello Halter\"}]},{\"@type\":\"WebSite\",\"@id\":\"https:\\\/\\\/zelina.mx\\\/#website\",\"url\":\"https:\\\/\\\/zelina.mx\\\/\",\"name\":\"Zelina Lingerie\",\"description\":\"El espacio donde ser sexy es un estilo de vida\",\"publisher\":{\"@id\":\"https:\\\/\\\/zelina.mx\\\/#organization\"},\"potentialAction\":[{\"@type\":\"SearchAction\",\"target\":{\"@type\":\"EntryPoint\",\"urlTemplate\":\"https:\\\/\\\/zelina.mx\\\/?s={search_term_string}\"},\"query-input\":{\"@type\":\"PropertyValueSpecification\",\"valueRequired\":true,\"valueName\":\"search_term_string\"}}],\"inLanguage\":\"en-US\"},{\"@type\":\"Organization\",\"@id\":\"https:\\\/\\\/zelina.mx\\\/#organization\",\"name\":\"Zelina Lingerie\",\"url\":\"https:\\\/\\\/zelina.mx\\\/\",\"logo\":{\"@type\":\"ImageObject\",\"inLanguage\":\"en-US\",\"@id\":\"https:\\\/\\\/zelina.mx\\\/#\\\/schema\\\/logo\\\/image\\\/\",\"url\":\"https:\\\/\\\/zelina.mx\\\/wp-content\\\/uploads\\\/2019\\\/11\\\/cropped-cropped-cropped-cropped-Zelina-logos-G.png\",\"contentUrl\":\"https:\\\/\\\/zelina.mx\\\/wp-content\\\/uploads\\\/2019\\\/11\\\/cropped-cropped-cropped-cropped-Zelina-logos-G.png\",\"width\":199,\"height\":80,\"caption\":\"Zelina Lingerie\"},\"image\":{\"@id\":\"https:\\\/\\\/zelina.mx\\\/#\\\/schema\\\/logo\\\/image\\\/\"},\"sameAs\":[\"https:\\\/\\\/www.facebook.com\\\/Secrets.by.Zelina\\\/\",\"https:\\\/\\\/www.instagram.com\\\/secretsbyzelina\\\/\"]}]}<\/script>\n<!-- \/ Yoast SEO plugin. -->","yoast_head_json":{"title":"Bralette de Encaje Cuello Halter - Zelina Lingerie","description":"Descubre la combinaci\u00f3n perfecta de sensualidad y estilo con nuestro Bralette de Encaje Cuello Halter. Env\u00ed\u00ado gratis en compras a partir $350 MXN.","robots":{"index":"index","follow":"follow","max-snippet":"max-snippet:-1","max-image-preview":"max-image-preview:large","max-video-preview":"max-video-preview:-1"},"canonical":"https:\/\/zelina.mx\/en\/product\/bralette-de-encaje-cuello-halter\/","og_locale":"en_US","og_type":"article","og_title":"Bralette de Encaje Cuello Halter - Zelina Lingerie","og_description":"Descubre la combinaci\u00f3n perfecta de sensualidad y estilo con nuestro Bralette de Encaje Cuello Halter. Env\u00ed\u00ado gratis en compras a partir $350 MXN.","og_url":"https:\/\/zelina.mx\/en\/product\/bralette-de-encaje-cuello-halter\/","og_site_name":"Zelina Lingerie","article_publisher":"https:\/\/www.facebook.com\/Secrets.by.Zelina\/","article_modified_time":"2025-01-22T18:14:18+00:00","og_image":[{"width":2760,"height":4062,"url":"https:\/\/zelina.mx\/wp-content\/uploads\/2024\/03\/1647-TOP-BL-CH.jpg","type":"image\/jpeg"}],"twitter_card":"summary_large_image","schema":{"@context":"https:\/\/schema.org","@graph":[{"@type":"WebPage","@id":"https:\/\/zelina.mx\/product\/bralette-de-encaje-cuello-halter\/","url":"https:\/\/zelina.mx\/product\/bralette-de-encaje-cuello-halter\/","name":"Bralette de Encaje Cuello Halter - Zelina Lingerie","isPartOf":{"@id":"https:\/\/zelina.mx\/#website"},"primaryImageOfPage":{"@id":"https:\/\/zelina.mx\/product\/bralette-de-encaje-cuello-halter\/#primaryimage"},"image":{"@id":"https:\/\/zelina.mx\/product\/bralette-de-encaje-cuello-halter\/#primaryimage"},"thumbnailUrl":"https:\/\/zelina.mx\/wp-content\/uploads\/2024\/03\/1647-TOP-BL-CH-scaled.jpg","datePublished":"2024-03-22T18:01:07+00:00","dateModified":"2025-01-22T18:14:18+00:00","description":"Descubre la combinaci\u00f3n perfecta de sensualidad y estilo con nuestro Bralette de Encaje Cuello Halter. Env\u00ed\u00ado gratis en compras a partir $350 MXN.","breadcrumb":{"@id":"https:\/\/zelina.mx\/product\/bralette-de-encaje-cuello-halter\/#breadcrumb"},"inLanguage":"en-US","potentialAction":[{"@type":"ReadAction","target":["https:\/\/zelina.mx\/product\/bralette-de-encaje-cuello-halter\/"]}]},{"@type":"ImageObject","inLanguage":"en-US","@id":"https:\/\/zelina.mx\/product\/bralette-de-encaje-cuello-halter\/#primaryimage","url":"https:\/\/zelina.mx\/wp-content\/uploads\/2024\/03\/1647-TOP-BL-CH-scaled.jpg","contentUrl":"https:\/\/zelina.mx\/wp-content\/uploads\/2024\/03\/1647-TOP-BL-CH-scaled.jpg","width":1739,"height":2560},{"@type":"BreadcrumbList","@id":"https:\/\/zelina.mx\/product\/bralette-de-encaje-cuello-halter\/#breadcrumb","itemListElement":[{"@type":"ListItem","position":1,"name":"Inicio","item":"https:\/\/zelina.mx\/"},{"@type":"ListItem","position":2,"name":"Bralette de Encaje Cuello Halter"}]},{"@type":"WebSite","@id":"https:\/\/zelina.mx\/#website","url":"https:\/\/zelina.mx\/","name":"Zelina Lingerie","description":"El espacio donde ser sexy es un estilo de vida","publisher":{"@id":"https:\/\/zelina.mx\/#organization"},"potentialAction":[{"@type":"SearchAction","target":{"@type":"EntryPoint","urlTemplate":"https:\/\/zelina.mx\/?s={search_term_string}"},"query-input":{"@type":"PropertyValueSpecification","valueRequired":true,"valueName":"search_term_string"}}],"inLanguage":"en-US"},{"@type":"Organization","@id":"https:\/\/zelina.mx\/#organization","name":"Zelina Lingerie","url":"https:\/\/zelina.mx\/","logo":{"@type":"ImageObject","inLanguage":"en-US","@id":"https:\/\/zelina.mx\/#\/schema\/logo\/image\/","url":"https:\/\/zelina.mx\/wp-content\/uploads\/2019\/11\/cropped-cropped-cropped-cropped-Zelina-logos-G.png","contentUrl":"https:\/\/zelina.mx\/wp-content\/uploads\/2019\/11\/cropped-cropped-cropped-cropped-Zelina-logos-G.png","width":199,"height":80,"caption":"Zelina Lingerie"},"image":{"@id":"https:\/\/zelina.mx\/#\/schema\/logo\/image\/"},"sameAs":["https:\/\/www.facebook.com\/Secrets.by.Zelina\/","https:\/\/www.instagram.com\/secretsbyzelina\/"]}]}},"_links":{"self":[{"href":"https:\/\/zelina.mx\/en\/wp-json\/wp\/v2\/product\/39550","targetHints":{"allow":["GET"]}}],"collection":[{"href":"https:\/\/zelina.mx\/en\/wp-json\/wp\/v2\/product"}],"about":[{"href":"https:\/\/zelina.mx\/en\/wp-json\/wp\/v2\/types\/product"}],"wp:featuredmedia":[{"embeddable":true,"href":"https:\/\/zelina.mx\/en\/wp-json\/wp\/v2\/media\/40212"}],"wp:attachment":[{"href":"https:\/\/zelina.mx\/en\/wp-json\/wp\/v2\/media?parent=39550"}],"wp:term":[{"taxonomy":"product_brand","embeddable":true,"href":"https:\/\/zelina.mx\/en\/wp-json\/wp\/v2\/product_brand?post=39550"},{"taxonomy":"product_cat","embeddable":true,"href":"https:\/\/zelina.mx\/en\/wp-json\/wp\/v2\/product_cat?post=39550"},{"taxonomy":"product_tag","embeddable":true,"href":"https:\/\/zelina.mx\/en\/wp-json\/wp\/v2\/product_tag?post=39550"}],"curies":[{"name":"wp","href":"https:\/\/api.w.org\/{rel}","templated":true}]}}