{"id":38639,"date":"2023-10-10T18:24:35","date_gmt":"2023-10-11T00:24:35","guid":{"rendered":"https:\/\/zelina.mx\/?post_type=product&#038;p=38639"},"modified":"2025-03-21T17:36:59","modified_gmt":"2025-03-21T23:36:59","slug":"body-de-microfibra-estampada-con-detalles-de-mesh-y-encaje","status":"publish","type":"product","link":"https:\/\/zelina.mx\/en\/product\/body-de-microfibra-estampada-con-detalles-de-mesh-y-encaje\/","title":{"rendered":"Body de Microfibra Estampada con Detalles de Mesh y Encaje (el estampado puede variar al de la foto)"},"content":{"rendered":"<p><span style=\"font-weight: 400\">Despierta tu lado m\u00e1s coqueto y sensual de la mano de esta pieza de lencer\u00ed\u00ada femenina que hemos creado para ti.\u00a0<\/span><span style=\"font-weight: 400\">Este body combina una suave microfibra estampada con detalles de malla y encaje, creando una mezcla \u00fanica de comodidad y sofisticaci\u00f3n que te har\u00e1 sentir hermosa cada vez que lo uses.\u00a0<\/span><\/p>\n<p><span style=\"font-weight: 400\">Detalles:<\/span><\/p>\n<ul>\n<li style=\"font-weight: 400\"><span style=\"font-weight: 400\">Lencer\u00ed\u00ada para mujer\u00c2\u00a0<\/span><\/li>\n<li style=\"font-weight: 400\"><span style=\"font-weight: 400\">Lencer\u00ed\u00ada de encaje\u00c2\u00a0<\/span><\/li>\n<li style=\"font-weight: 400\"><span style=\"font-weight: 400\">Body de encaje<\/span><\/li>\n<li style=\"font-weight: 400\"><span style=\"font-weight: 400\">Tiras cruzadas ajustables<\/span><\/li>\n<li style=\"font-weight: 400\"><span style=\"font-weight: 400\">Parte inferior trasera tipo tanga<\/span><\/li>\n<li style=\"font-weight: 400\"><span style=\"font-weight: 400\">Tirantes ajustables<\/span><\/li>\n<li style=\"font-weight: 400\"><span style=\"font-weight: 400\">Hecho en M\u00e9xico<\/span><\/li>\n<\/ul>","protected":false},"excerpt":{"rendered":"<p><span style=\"font-weight: 400\">Despierta tu lado m\u00e1s coqueto y sensual de la mano de esta pieza de lencer\u00ed\u00ada femenina que hemos creado para ti.\u00a0<\/span><span style=\"font-weight: 400\">Este body combina una suave microfibra estampada con detalles de malla y encaje, creando una mezcla \u00fanica de comodidad y sofisticaci\u00f3n que te har\u00e1 sentir hermosa cada vez que lo uses.\u00a0<\/span><\/p>","protected":false},"featured_media":40084,"template":"","meta":{"_exactmetrics_skip_tracking":false,"_exactmetrics_sitenote_active":false,"_exactmetrics_sitenote_note":"","_exactmetrics_sitenote_category":0},"product_brand":[],"product_cat":[517,510,507],"product_tag":[162,482,522,592],"class_list":{"0":"post-38639","1":"product","2":"type-product","3":"status-publish","4":"has-post-thumbnail","6":"product_cat-bodys","7":"product_cat-lingerie","8":"product_cat-view-all","9":"product_tag-body","10":"product_tag-lingerie","11":"product_tag-new-in","12":"product_tag-zelina-lingerie","14":"first","15":"instock","16":"shipping-taxable","17":"purchasable","18":"product-type-variable"},"yoast_head":"<!-- This site is optimized with the Yoast SEO plugin v27.5 - https:\/\/yoast.com\/product\/yoast-seo-wordpress\/ -->\n<title>Body de Microfibra Estampada con Detalles de Mesh y Encaje (el estampado puede variar al de la foto) - Zelina Lingerie<\/title>\n<meta name=\"description\" content=\"El Body de Microfibra Estampada con Detalles de Mesh y Encaje es una prenda de lencer\u00ed\u00ada exquisitamente dise\u00f1ada para realzar la sensualidad y la elegancia.\" \/>\n<meta name=\"robots\" content=\"index, follow, max-snippet:-1, max-image-preview:large, max-video-preview:-1\" \/>\n<link rel=\"canonical\" href=\"https:\/\/zelina.mx\/en\/product\/body-de-microfibra-estampada-con-detalles-de-mesh-y-encaje\/\" \/>\n<meta property=\"og:locale\" content=\"en_US\" \/>\n<meta property=\"og:type\" content=\"article\" \/>\n<meta property=\"og:title\" content=\"Body de Microfibra Estampada con Detalles de Mesh y Encaje (el estampado puede variar al de la foto) - Zelina Lingerie\" \/>\n<meta property=\"og:description\" content=\"El Body de Microfibra Estampada con Detalles de Mesh y Encaje es una prenda de lencer\u00ed\u00ada exquisitamente dise\u00f1ada para realzar la sensualidad y la elegancia.\" \/>\n<meta property=\"og:url\" content=\"https:\/\/zelina.mx\/en\/product\/body-de-microfibra-estampada-con-detalles-de-mesh-y-encaje\/\" \/>\n<meta property=\"og:site_name\" content=\"Zelina Lingerie\" \/>\n<meta property=\"article:publisher\" content=\"https:\/\/www.facebook.com\/Secrets.by.Zelina\/\" \/>\n<meta property=\"article:modified_time\" content=\"2025-03-21T23:36:59+00:00\" \/>\n<meta property=\"og:image\" content=\"https:\/\/zelina.mx\/wp-content\/uploads\/2023\/10\/1319.jpg\" \/>\n\t<meta property=\"og:image:width\" content=\"2760\" \/>\n\t<meta property=\"og:image:height\" content=\"4062\" \/>\n\t<meta property=\"og:image:type\" content=\"image\/jpeg\" \/>\n<meta name=\"twitter:card\" content=\"summary_large_image\" \/>\n<script type=\"application\/ld+json\" class=\"yoast-schema-graph\">{\"@context\":\"https:\\\/\\\/schema.org\",\"@graph\":[{\"@type\":\"WebPage\",\"@id\":\"https:\\\/\\\/zelina.mx\\\/product\\\/body-de-microfibra-estampada-con-detalles-de-mesh-y-encaje\\\/\",\"url\":\"https:\\\/\\\/zelina.mx\\\/product\\\/body-de-microfibra-estampada-con-detalles-de-mesh-y-encaje\\\/\",\"name\":\"Body de Microfibra Estampada con Detalles de Mesh y Encaje (el estampado puede variar al de la foto) - Zelina Lingerie\",\"isPartOf\":{\"@id\":\"https:\\\/\\\/zelina.mx\\\/#website\"},\"primaryImageOfPage\":{\"@id\":\"https:\\\/\\\/zelina.mx\\\/product\\\/body-de-microfibra-estampada-con-detalles-de-mesh-y-encaje\\\/#primaryimage\"},\"image\":{\"@id\":\"https:\\\/\\\/zelina.mx\\\/product\\\/body-de-microfibra-estampada-con-detalles-de-mesh-y-encaje\\\/#primaryimage\"},\"thumbnailUrl\":\"https:\\\/\\\/zelina.mx\\\/wp-content\\\/uploads\\\/2023\\\/10\\\/1319-scaled.jpg\",\"datePublished\":\"2023-10-11T00:24:35+00:00\",\"dateModified\":\"2025-03-21T23:36:59+00:00\",\"description\":\"El Body de Microfibra Estampada con Detalles de Mesh y Encaje es una prenda de lencer\u00ed\u00ada exquisitamente dise\u00f1ada para realzar la sensualidad y la elegancia.\",\"breadcrumb\":{\"@id\":\"https:\\\/\\\/zelina.mx\\\/product\\\/body-de-microfibra-estampada-con-detalles-de-mesh-y-encaje\\\/#breadcrumb\"},\"inLanguage\":\"en-US\",\"potentialAction\":[{\"@type\":\"ReadAction\",\"target\":[\"https:\\\/\\\/zelina.mx\\\/product\\\/body-de-microfibra-estampada-con-detalles-de-mesh-y-encaje\\\/\"]}]},{\"@type\":\"ImageObject\",\"inLanguage\":\"en-US\",\"@id\":\"https:\\\/\\\/zelina.mx\\\/product\\\/body-de-microfibra-estampada-con-detalles-de-mesh-y-encaje\\\/#primaryimage\",\"url\":\"https:\\\/\\\/zelina.mx\\\/wp-content\\\/uploads\\\/2023\\\/10\\\/1319-scaled.jpg\",\"contentUrl\":\"https:\\\/\\\/zelina.mx\\\/wp-content\\\/uploads\\\/2023\\\/10\\\/1319-scaled.jpg\",\"width\":1739,\"height\":2560},{\"@type\":\"BreadcrumbList\",\"@id\":\"https:\\\/\\\/zelina.mx\\\/product\\\/body-de-microfibra-estampada-con-detalles-de-mesh-y-encaje\\\/#breadcrumb\",\"itemListElement\":[{\"@type\":\"ListItem\",\"position\":1,\"name\":\"Inicio\",\"item\":\"https:\\\/\\\/zelina.mx\\\/\"},{\"@type\":\"ListItem\",\"position\":2,\"name\":\"Body de Microfibra Estampada con Detalles de Mesh y Encaje (el estampado puede variar al de la foto)\"}]},{\"@type\":\"WebSite\",\"@id\":\"https:\\\/\\\/zelina.mx\\\/#website\",\"url\":\"https:\\\/\\\/zelina.mx\\\/\",\"name\":\"Zelina Lingerie\",\"description\":\"El espacio donde ser sexy es un estilo de vida\",\"publisher\":{\"@id\":\"https:\\\/\\\/zelina.mx\\\/#organization\"},\"potentialAction\":[{\"@type\":\"SearchAction\",\"target\":{\"@type\":\"EntryPoint\",\"urlTemplate\":\"https:\\\/\\\/zelina.mx\\\/?s={search_term_string}\"},\"query-input\":{\"@type\":\"PropertyValueSpecification\",\"valueRequired\":true,\"valueName\":\"search_term_string\"}}],\"inLanguage\":\"en-US\"},{\"@type\":\"Organization\",\"@id\":\"https:\\\/\\\/zelina.mx\\\/#organization\",\"name\":\"Zelina Lingerie\",\"url\":\"https:\\\/\\\/zelina.mx\\\/\",\"logo\":{\"@type\":\"ImageObject\",\"inLanguage\":\"en-US\",\"@id\":\"https:\\\/\\\/zelina.mx\\\/#\\\/schema\\\/logo\\\/image\\\/\",\"url\":\"https:\\\/\\\/zelina.mx\\\/wp-content\\\/uploads\\\/2019\\\/11\\\/cropped-cropped-cropped-cropped-Zelina-logos-G.png\",\"contentUrl\":\"https:\\\/\\\/zelina.mx\\\/wp-content\\\/uploads\\\/2019\\\/11\\\/cropped-cropped-cropped-cropped-Zelina-logos-G.png\",\"width\":199,\"height\":80,\"caption\":\"Zelina Lingerie\"},\"image\":{\"@id\":\"https:\\\/\\\/zelina.mx\\\/#\\\/schema\\\/logo\\\/image\\\/\"},\"sameAs\":[\"https:\\\/\\\/www.facebook.com\\\/Secrets.by.Zelina\\\/\",\"https:\\\/\\\/www.instagram.com\\\/secretsbyzelina\\\/\"]}]}<\/script>\n<!-- \/ Yoast SEO plugin. -->","yoast_head_json":{"title":"Body de Microfibra Estampada con Detalles de Mesh y Encaje (el estampado puede variar al de la foto) - Zelina Lingerie","description":"El Body de Microfibra Estampada con Detalles de Mesh y Encaje es una prenda de lencer\u00ed\u00ada exquisitamente dise\u00f1ada para realzar la sensualidad y la elegancia.","robots":{"index":"index","follow":"follow","max-snippet":"max-snippet:-1","max-image-preview":"max-image-preview:large","max-video-preview":"max-video-preview:-1"},"canonical":"https:\/\/zelina.mx\/en\/product\/body-de-microfibra-estampada-con-detalles-de-mesh-y-encaje\/","og_locale":"en_US","og_type":"article","og_title":"Body de Microfibra Estampada con Detalles de Mesh y Encaje (el estampado puede variar al de la foto) - Zelina Lingerie","og_description":"El Body de Microfibra Estampada con Detalles de Mesh y Encaje es una prenda de lencer\u00ed\u00ada exquisitamente dise\u00f1ada para realzar la sensualidad y la elegancia.","og_url":"https:\/\/zelina.mx\/en\/product\/body-de-microfibra-estampada-con-detalles-de-mesh-y-encaje\/","og_site_name":"Zelina Lingerie","article_publisher":"https:\/\/www.facebook.com\/Secrets.by.Zelina\/","article_modified_time":"2025-03-21T23:36:59+00:00","og_image":[{"width":2760,"height":4062,"url":"https:\/\/zelina.mx\/wp-content\/uploads\/2023\/10\/1319.jpg","type":"image\/jpeg"}],"twitter_card":"summary_large_image","schema":{"@context":"https:\/\/schema.org","@graph":[{"@type":"WebPage","@id":"https:\/\/zelina.mx\/product\/body-de-microfibra-estampada-con-detalles-de-mesh-y-encaje\/","url":"https:\/\/zelina.mx\/product\/body-de-microfibra-estampada-con-detalles-de-mesh-y-encaje\/","name":"Body de Microfibra Estampada con Detalles de Mesh y Encaje (el estampado puede variar al de la foto) - Zelina Lingerie","isPartOf":{"@id":"https:\/\/zelina.mx\/#website"},"primaryImageOfPage":{"@id":"https:\/\/zelina.mx\/product\/body-de-microfibra-estampada-con-detalles-de-mesh-y-encaje\/#primaryimage"},"image":{"@id":"https:\/\/zelina.mx\/product\/body-de-microfibra-estampada-con-detalles-de-mesh-y-encaje\/#primaryimage"},"thumbnailUrl":"https:\/\/zelina.mx\/wp-content\/uploads\/2023\/10\/1319-scaled.jpg","datePublished":"2023-10-11T00:24:35+00:00","dateModified":"2025-03-21T23:36:59+00:00","description":"El Body de Microfibra Estampada con Detalles de Mesh y Encaje es una prenda de lencer\u00ed\u00ada exquisitamente dise\u00f1ada para realzar la sensualidad y la elegancia.","breadcrumb":{"@id":"https:\/\/zelina.mx\/product\/body-de-microfibra-estampada-con-detalles-de-mesh-y-encaje\/#breadcrumb"},"inLanguage":"en-US","potentialAction":[{"@type":"ReadAction","target":["https:\/\/zelina.mx\/product\/body-de-microfibra-estampada-con-detalles-de-mesh-y-encaje\/"]}]},{"@type":"ImageObject","inLanguage":"en-US","@id":"https:\/\/zelina.mx\/product\/body-de-microfibra-estampada-con-detalles-de-mesh-y-encaje\/#primaryimage","url":"https:\/\/zelina.mx\/wp-content\/uploads\/2023\/10\/1319-scaled.jpg","contentUrl":"https:\/\/zelina.mx\/wp-content\/uploads\/2023\/10\/1319-scaled.jpg","width":1739,"height":2560},{"@type":"BreadcrumbList","@id":"https:\/\/zelina.mx\/product\/body-de-microfibra-estampada-con-detalles-de-mesh-y-encaje\/#breadcrumb","itemListElement":[{"@type":"ListItem","position":1,"name":"Inicio","item":"https:\/\/zelina.mx\/"},{"@type":"ListItem","position":2,"name":"Body de Microfibra Estampada con Detalles de Mesh y Encaje (el estampado puede variar al de la foto)"}]},{"@type":"WebSite","@id":"https:\/\/zelina.mx\/#website","url":"https:\/\/zelina.mx\/","name":"Zelina Lingerie","description":"El espacio donde ser sexy es un estilo de vida","publisher":{"@id":"https:\/\/zelina.mx\/#organization"},"potentialAction":[{"@type":"SearchAction","target":{"@type":"EntryPoint","urlTemplate":"https:\/\/zelina.mx\/?s={search_term_string}"},"query-input":{"@type":"PropertyValueSpecification","valueRequired":true,"valueName":"search_term_string"}}],"inLanguage":"en-US"},{"@type":"Organization","@id":"https:\/\/zelina.mx\/#organization","name":"Zelina Lingerie","url":"https:\/\/zelina.mx\/","logo":{"@type":"ImageObject","inLanguage":"en-US","@id":"https:\/\/zelina.mx\/#\/schema\/logo\/image\/","url":"https:\/\/zelina.mx\/wp-content\/uploads\/2019\/11\/cropped-cropped-cropped-cropped-Zelina-logos-G.png","contentUrl":"https:\/\/zelina.mx\/wp-content\/uploads\/2019\/11\/cropped-cropped-cropped-cropped-Zelina-logos-G.png","width":199,"height":80,"caption":"Zelina Lingerie"},"image":{"@id":"https:\/\/zelina.mx\/#\/schema\/logo\/image\/"},"sameAs":["https:\/\/www.facebook.com\/Secrets.by.Zelina\/","https:\/\/www.instagram.com\/secretsbyzelina\/"]}]}},"_links":{"self":[{"href":"https:\/\/zelina.mx\/en\/wp-json\/wp\/v2\/product\/38639","targetHints":{"allow":["GET"]}}],"collection":[{"href":"https:\/\/zelina.mx\/en\/wp-json\/wp\/v2\/product"}],"about":[{"href":"https:\/\/zelina.mx\/en\/wp-json\/wp\/v2\/types\/product"}],"wp:featuredmedia":[{"embeddable":true,"href":"https:\/\/zelina.mx\/en\/wp-json\/wp\/v2\/media\/40084"}],"wp:attachment":[{"href":"https:\/\/zelina.mx\/en\/wp-json\/wp\/v2\/media?parent=38639"}],"wp:term":[{"taxonomy":"product_brand","embeddable":true,"href":"https:\/\/zelina.mx\/en\/wp-json\/wp\/v2\/product_brand?post=38639"},{"taxonomy":"product_cat","embeddable":true,"href":"https:\/\/zelina.mx\/en\/wp-json\/wp\/v2\/product_cat?post=38639"},{"taxonomy":"product_tag","embeddable":true,"href":"https:\/\/zelina.mx\/en\/wp-json\/wp\/v2\/product_tag?post=38639"}],"curies":[{"name":"wp","href":"https:\/\/api.w.org\/{rel}","templated":true}]}}