{"id":37275,"date":"2023-01-30T19:36:00","date_gmt":"2023-01-31T01:36:00","guid":{"rendered":"https:\/\/zelina.mx\/?post_type=product&#038;p=37275"},"modified":"2025-04-30T11:51:38","modified_gmt":"2025-04-30T17:51:38","slug":"bralette-con-tiras-cruzadas-v-day-edition","status":"publish","type":"product","link":"https:\/\/zelina.mx\/en\/product\/bralette-con-tiras-cruzadas-v-day-edition\/","title":{"rendered":"Bralette Con Tiras Cruzadas V-Day Edition"},"content":{"rendered":"<p><span style=\"font-weight: 400\">Sorprende a qui\u00e9n m\u00e1s quieras con nuestro exquisito bralette V-Day Edition.\u00a0<\/span><span style=\"font-weight: 400\">Su delicado encaje floral lo convierte en una pieza de lencer\u00ed\u00ada sensual que te har\u00e1 sentir como una diosa por dentro, mientras que sus tiras el\u00e1sticas cruzadas te brindar\u00e1n una construcci\u00f3n suave y flexible.\u00a0<\/span><\/p>","protected":false},"excerpt":{"rendered":"<p><span style=\"font-weight: 400\">Sorprende a qui\u00e9n m\u00e1s quieras con nuestro exquisito bralette V-Day Edition.\u00a0<\/span><span style=\"font-weight: 400\">Su delicado encaje floral lo convierte en una pieza de lencer\u00ed\u00ada sensual que te har\u00e1 sentir como una diosa por dentro, mientras que sus tiras el\u00e1sticas cruzadas te brindar\u00e1n una construcci\u00f3n suave y flexible.\u00a0<\/span><\/p>\n<h5>Detalles:<\/h5>\n<p>&#8211; Bralette para mujer<br \/>\n&#8211; Elaborado con encaje floral<br \/>\n&#8211; Cierre de gancho<br \/>\n&#8211; Tirantes ajustables<br \/>\n&#8211; Edici\u00f3n especial<br \/>\n&#8211; Hecho en M\u00e9xico<\/p>","protected":false},"featured_media":38062,"template":"","meta":{"_exactmetrics_skip_tracking":false,"_exactmetrics_sitenote_active":false,"_exactmetrics_sitenote_note":"","_exactmetrics_sitenote_category":0},"product_brand":[],"product_cat":[516,269,508,507,270],"product_tag":[165,522,502,483],"class_list":{"0":"post-37275","1":"product","2":"type-product","3":"status-publish","4":"has-post-thumbnail","6":"product_cat-bralette","7":"product_cat-floral-lace","8":"product_cat-tops","9":"product_cat-view-all","10":"product_cat-zelina","11":"product_tag-bralette","12":"product_tag-new-in","13":"product_tag-tops","14":"product_tag-zelina","16":"first","17":"instock","18":"shipping-taxable","19":"purchasable","20":"product-type-variable"},"yoast_head":"<!-- This site is optimized with the Yoast SEO plugin v27.5 - https:\/\/yoast.com\/product\/yoast-seo-wordpress\/ -->\n<title>Bralette Con Tiras Cruzadas V-Day Edition - Zelina Lingerie<\/title>\n<meta name=\"description\" content=\"Este exquisito bralette V-Day Edition, est\u00e1 confeccionado con encaje Floral y tiras el\u00e1sticas cruzadas que abrazan el busto con su construcci\u00f3n suave...\" \/>\n<meta name=\"robots\" content=\"index, follow, max-snippet:-1, max-image-preview:large, max-video-preview:-1\" \/>\n<link rel=\"canonical\" href=\"https:\/\/zelina.mx\/en\/product\/bralette-con-tiras-cruzadas-v-day-edition\/\" \/>\n<meta property=\"og:locale\" content=\"en_US\" \/>\n<meta property=\"og:type\" content=\"article\" \/>\n<meta property=\"og:title\" content=\"Bralette Con Tiras Cruzadas V-Day Edition - Zelina Lingerie\" \/>\n<meta property=\"og:description\" content=\"Este exquisito bralette V-Day Edition, est\u00e1 confeccionado con encaje Floral y tiras el\u00e1sticas cruzadas que abrazan el busto con su construcci\u00f3n suave...\" \/>\n<meta property=\"og:url\" content=\"https:\/\/zelina.mx\/en\/product\/bralette-con-tiras-cruzadas-v-day-edition\/\" \/>\n<meta property=\"og:site_name\" content=\"Zelina Lingerie\" \/>\n<meta property=\"article:publisher\" content=\"https:\/\/www.facebook.com\/Secrets.by.Zelina\/\" \/>\n<meta property=\"article:modified_time\" content=\"2025-04-30T17:51:38+00:00\" \/>\n<meta property=\"og:image\" content=\"https:\/\/zelina.mx\/wp-content\/uploads\/2023\/03\/3.jpg\" \/>\n\t<meta property=\"og:image:width\" content=\"2668\" \/>\n\t<meta property=\"og:image:height\" content=\"4002\" \/>\n\t<meta property=\"og:image:type\" content=\"image\/jpeg\" \/>\n<meta name=\"twitter:card\" content=\"summary_large_image\" \/>\n<script type=\"application\/ld+json\" class=\"yoast-schema-graph\">{\"@context\":\"https:\\\/\\\/schema.org\",\"@graph\":[{\"@type\":\"WebPage\",\"@id\":\"https:\\\/\\\/zelina.mx\\\/product\\\/bralette-con-tiras-cruzadas-v-day-edition\\\/\",\"url\":\"https:\\\/\\\/zelina.mx\\\/product\\\/bralette-con-tiras-cruzadas-v-day-edition\\\/\",\"name\":\"Bralette Con Tiras Cruzadas V-Day Edition - Zelina Lingerie\",\"isPartOf\":{\"@id\":\"https:\\\/\\\/zelina.mx\\\/#website\"},\"primaryImageOfPage\":{\"@id\":\"https:\\\/\\\/zelina.mx\\\/product\\\/bralette-con-tiras-cruzadas-v-day-edition\\\/#primaryimage\"},\"image\":{\"@id\":\"https:\\\/\\\/zelina.mx\\\/product\\\/bralette-con-tiras-cruzadas-v-day-edition\\\/#primaryimage\"},\"thumbnailUrl\":\"https:\\\/\\\/zelina.mx\\\/wp-content\\\/uploads\\\/2023\\\/03\\\/3-scaled.jpg\",\"datePublished\":\"2023-01-31T01:36:00+00:00\",\"dateModified\":\"2025-04-30T17:51:38+00:00\",\"description\":\"Este exquisito bralette V-Day Edition, est\u00e1 confeccionado con encaje Floral y tiras el\u00e1sticas cruzadas que abrazan el busto con su construcci\u00f3n suave...\",\"breadcrumb\":{\"@id\":\"https:\\\/\\\/zelina.mx\\\/product\\\/bralette-con-tiras-cruzadas-v-day-edition\\\/#breadcrumb\"},\"inLanguage\":\"en-US\",\"potentialAction\":[{\"@type\":\"ReadAction\",\"target\":[\"https:\\\/\\\/zelina.mx\\\/product\\\/bralette-con-tiras-cruzadas-v-day-edition\\\/\"]}]},{\"@type\":\"ImageObject\",\"inLanguage\":\"en-US\",\"@id\":\"https:\\\/\\\/zelina.mx\\\/product\\\/bralette-con-tiras-cruzadas-v-day-edition\\\/#primaryimage\",\"url\":\"https:\\\/\\\/zelina.mx\\\/wp-content\\\/uploads\\\/2023\\\/03\\\/3-scaled.jpg\",\"contentUrl\":\"https:\\\/\\\/zelina.mx\\\/wp-content\\\/uploads\\\/2023\\\/03\\\/3-scaled.jpg\",\"width\":1707,\"height\":2560},{\"@type\":\"BreadcrumbList\",\"@id\":\"https:\\\/\\\/zelina.mx\\\/product\\\/bralette-con-tiras-cruzadas-v-day-edition\\\/#breadcrumb\",\"itemListElement\":[{\"@type\":\"ListItem\",\"position\":1,\"name\":\"Inicio\",\"item\":\"https:\\\/\\\/zelina.mx\\\/\"},{\"@type\":\"ListItem\",\"position\":2,\"name\":\"Bralette Con Tiras Cruzadas V-Day Edition\"}]},{\"@type\":\"WebSite\",\"@id\":\"https:\\\/\\\/zelina.mx\\\/#website\",\"url\":\"https:\\\/\\\/zelina.mx\\\/\",\"name\":\"Zelina Lingerie\",\"description\":\"El espacio donde ser sexy es un estilo de vida\",\"publisher\":{\"@id\":\"https:\\\/\\\/zelina.mx\\\/#organization\"},\"potentialAction\":[{\"@type\":\"SearchAction\",\"target\":{\"@type\":\"EntryPoint\",\"urlTemplate\":\"https:\\\/\\\/zelina.mx\\\/?s={search_term_string}\"},\"query-input\":{\"@type\":\"PropertyValueSpecification\",\"valueRequired\":true,\"valueName\":\"search_term_string\"}}],\"inLanguage\":\"en-US\"},{\"@type\":\"Organization\",\"@id\":\"https:\\\/\\\/zelina.mx\\\/#organization\",\"name\":\"Zelina Lingerie\",\"url\":\"https:\\\/\\\/zelina.mx\\\/\",\"logo\":{\"@type\":\"ImageObject\",\"inLanguage\":\"en-US\",\"@id\":\"https:\\\/\\\/zelina.mx\\\/#\\\/schema\\\/logo\\\/image\\\/\",\"url\":\"https:\\\/\\\/zelina.mx\\\/wp-content\\\/uploads\\\/2019\\\/11\\\/cropped-cropped-cropped-cropped-Zelina-logos-G.png\",\"contentUrl\":\"https:\\\/\\\/zelina.mx\\\/wp-content\\\/uploads\\\/2019\\\/11\\\/cropped-cropped-cropped-cropped-Zelina-logos-G.png\",\"width\":199,\"height\":80,\"caption\":\"Zelina Lingerie\"},\"image\":{\"@id\":\"https:\\\/\\\/zelina.mx\\\/#\\\/schema\\\/logo\\\/image\\\/\"},\"sameAs\":[\"https:\\\/\\\/www.facebook.com\\\/Secrets.by.Zelina\\\/\",\"https:\\\/\\\/www.instagram.com\\\/secretsbyzelina\\\/\"]}]}<\/script>\n<!-- \/ Yoast SEO plugin. -->","yoast_head_json":{"title":"Bralette Con Tiras Cruzadas V-Day Edition - Zelina Lingerie","description":"Este exquisito bralette V-Day Edition, est\u00e1 confeccionado con encaje Floral y tiras el\u00e1sticas cruzadas que abrazan el busto con su construcci\u00f3n suave...","robots":{"index":"index","follow":"follow","max-snippet":"max-snippet:-1","max-image-preview":"max-image-preview:large","max-video-preview":"max-video-preview:-1"},"canonical":"https:\/\/zelina.mx\/en\/product\/bralette-con-tiras-cruzadas-v-day-edition\/","og_locale":"en_US","og_type":"article","og_title":"Bralette Con Tiras Cruzadas V-Day Edition - Zelina Lingerie","og_description":"Este exquisito bralette V-Day Edition, est\u00e1 confeccionado con encaje Floral y tiras el\u00e1sticas cruzadas que abrazan el busto con su construcci\u00f3n suave...","og_url":"https:\/\/zelina.mx\/en\/product\/bralette-con-tiras-cruzadas-v-day-edition\/","og_site_name":"Zelina Lingerie","article_publisher":"https:\/\/www.facebook.com\/Secrets.by.Zelina\/","article_modified_time":"2025-04-30T17:51:38+00:00","og_image":[{"width":2668,"height":4002,"url":"https:\/\/zelina.mx\/wp-content\/uploads\/2023\/03\/3.jpg","type":"image\/jpeg"}],"twitter_card":"summary_large_image","schema":{"@context":"https:\/\/schema.org","@graph":[{"@type":"WebPage","@id":"https:\/\/zelina.mx\/product\/bralette-con-tiras-cruzadas-v-day-edition\/","url":"https:\/\/zelina.mx\/product\/bralette-con-tiras-cruzadas-v-day-edition\/","name":"Bralette Con Tiras Cruzadas V-Day Edition - Zelina Lingerie","isPartOf":{"@id":"https:\/\/zelina.mx\/#website"},"primaryImageOfPage":{"@id":"https:\/\/zelina.mx\/product\/bralette-con-tiras-cruzadas-v-day-edition\/#primaryimage"},"image":{"@id":"https:\/\/zelina.mx\/product\/bralette-con-tiras-cruzadas-v-day-edition\/#primaryimage"},"thumbnailUrl":"https:\/\/zelina.mx\/wp-content\/uploads\/2023\/03\/3-scaled.jpg","datePublished":"2023-01-31T01:36:00+00:00","dateModified":"2025-04-30T17:51:38+00:00","description":"Este exquisito bralette V-Day Edition, est\u00e1 confeccionado con encaje Floral y tiras el\u00e1sticas cruzadas que abrazan el busto con su construcci\u00f3n suave...","breadcrumb":{"@id":"https:\/\/zelina.mx\/product\/bralette-con-tiras-cruzadas-v-day-edition\/#breadcrumb"},"inLanguage":"en-US","potentialAction":[{"@type":"ReadAction","target":["https:\/\/zelina.mx\/product\/bralette-con-tiras-cruzadas-v-day-edition\/"]}]},{"@type":"ImageObject","inLanguage":"en-US","@id":"https:\/\/zelina.mx\/product\/bralette-con-tiras-cruzadas-v-day-edition\/#primaryimage","url":"https:\/\/zelina.mx\/wp-content\/uploads\/2023\/03\/3-scaled.jpg","contentUrl":"https:\/\/zelina.mx\/wp-content\/uploads\/2023\/03\/3-scaled.jpg","width":1707,"height":2560},{"@type":"BreadcrumbList","@id":"https:\/\/zelina.mx\/product\/bralette-con-tiras-cruzadas-v-day-edition\/#breadcrumb","itemListElement":[{"@type":"ListItem","position":1,"name":"Inicio","item":"https:\/\/zelina.mx\/"},{"@type":"ListItem","position":2,"name":"Bralette Con Tiras Cruzadas V-Day Edition"}]},{"@type":"WebSite","@id":"https:\/\/zelina.mx\/#website","url":"https:\/\/zelina.mx\/","name":"Zelina Lingerie","description":"El espacio donde ser sexy es un estilo de vida","publisher":{"@id":"https:\/\/zelina.mx\/#organization"},"potentialAction":[{"@type":"SearchAction","target":{"@type":"EntryPoint","urlTemplate":"https:\/\/zelina.mx\/?s={search_term_string}"},"query-input":{"@type":"PropertyValueSpecification","valueRequired":true,"valueName":"search_term_string"}}],"inLanguage":"en-US"},{"@type":"Organization","@id":"https:\/\/zelina.mx\/#organization","name":"Zelina Lingerie","url":"https:\/\/zelina.mx\/","logo":{"@type":"ImageObject","inLanguage":"en-US","@id":"https:\/\/zelina.mx\/#\/schema\/logo\/image\/","url":"https:\/\/zelina.mx\/wp-content\/uploads\/2019\/11\/cropped-cropped-cropped-cropped-Zelina-logos-G.png","contentUrl":"https:\/\/zelina.mx\/wp-content\/uploads\/2019\/11\/cropped-cropped-cropped-cropped-Zelina-logos-G.png","width":199,"height":80,"caption":"Zelina Lingerie"},"image":{"@id":"https:\/\/zelina.mx\/#\/schema\/logo\/image\/"},"sameAs":["https:\/\/www.facebook.com\/Secrets.by.Zelina\/","https:\/\/www.instagram.com\/secretsbyzelina\/"]}]}},"_links":{"self":[{"href":"https:\/\/zelina.mx\/en\/wp-json\/wp\/v2\/product\/37275","targetHints":{"allow":["GET"]}}],"collection":[{"href":"https:\/\/zelina.mx\/en\/wp-json\/wp\/v2\/product"}],"about":[{"href":"https:\/\/zelina.mx\/en\/wp-json\/wp\/v2\/types\/product"}],"wp:featuredmedia":[{"embeddable":true,"href":"https:\/\/zelina.mx\/en\/wp-json\/wp\/v2\/media\/38062"}],"wp:attachment":[{"href":"https:\/\/zelina.mx\/en\/wp-json\/wp\/v2\/media?parent=37275"}],"wp:term":[{"taxonomy":"product_brand","embeddable":true,"href":"https:\/\/zelina.mx\/en\/wp-json\/wp\/v2\/product_brand?post=37275"},{"taxonomy":"product_cat","embeddable":true,"href":"https:\/\/zelina.mx\/en\/wp-json\/wp\/v2\/product_cat?post=37275"},{"taxonomy":"product_tag","embeddable":true,"href":"https:\/\/zelina.mx\/en\/wp-json\/wp\/v2\/product_tag?post=37275"}],"curies":[{"name":"wp","href":"https:\/\/api.w.org\/{rel}","templated":true}]}}