{"id":29175,"date":"2021-06-05T18:36:48","date_gmt":"2021-06-05T23:36:48","guid":{"rendered":"https:\/\/zelina.mx\/product\/bikini-de-encaje-chantilly-con-elastico-en-cintura\/"},"modified":"2025-03-31T16:24:09","modified_gmt":"2025-03-31T22:24:09","slug":"bikini-de-encaje-chantilly-con-elastico-en-cintura","status":"publish","type":"product","link":"https:\/\/zelina.mx\/en\/product\/bikini-de-encaje-chantilly-con-elastico-en-cintura\/","title":{"rendered":"Bikini de Encaje Chantilly con El\u00e1stico en Cintura"},"content":{"rendered":"<p><span style=\"font-weight: 400\">Creamos este bikini de encaje para que te sientas guap\u00ed\u00adsima todo el d\u00ed\u00ada, todos los d\u00ed\u00adas.\u00a0<\/span><\/p>\n<p><span style=\"font-weight: 400\">Elaborado con\u00c2\u00a0 encaje chantilly, este bikini de tiro bajo y el\u00e1stico en cintura te brinda confianza y comodidad con su silueta favorecedora que abraza tus curvas.\u00a0<\/span><\/p>","protected":false},"excerpt":{"rendered":"<p><span style=\"font-weight: 400\">Creamos este bikini de encaje para que te sientas guap\u00ed\u00adsima todo el d\u00ed\u00ada, todos los d\u00ed\u00adas.\u00a0<\/span><\/p>\n<p><span style=\"font-weight: 400\">Elaborado con\u00c2\u00a0 encaje chantilly, este bikini de tiro bajo y el\u00e1stico en cintura te brinda confianza y comodidad con su silueta favorecedora que abraza tus curvas.\u00a0<\/span><\/p>\n<h5>Detalles:<\/h5>\n<p>&#8211; Bikini para mujer<br \/>\n&#8211; Elaborado con encaje chantilly<br \/>\n&#8211; Con el\u00e1stico en cintura<br \/>\n&#8211; Tiro bajo<br \/>\n&#8211; Hecho en M\u00e9xico<\/p>","protected":false},"featured_media":31208,"template":"","meta":{"_exactmetrics_skip_tracking":false,"_exactmetrics_sitenote_active":false,"_exactmetrics_sitenote_note":"","_exactmetrics_sitenote_category":0},"product_brand":[],"product_cat":[254,289,276,277,507],"product_tag":[154,484,116,271],"class_list":{"0":"post-29175","1":"product","2":"type-product","3":"status-publish","4":"has-post-thumbnail","6":"product_cat-bikini","7":"product_cat-bottom","8":"product_cat-chantilly-lace","9":"product_cat-secrets","10":"product_cat-view-all","11":"product_tag-bikini","12":"product_tag-bottoms","13":"product_tag-encaje","14":"product_tag-nuevo","16":"first","17":"instock","18":"shipping-taxable","19":"purchasable","20":"product-type-variable","21":"has-default-attributes"},"yoast_head":"<!-- This site is optimized with the Yoast SEO plugin v27.5 - https:\/\/yoast.com\/product\/yoast-seo-wordpress\/ -->\n<title>Bikini de Encaje Chantilly con El\u00e1stico en Cintura - Zelina Lingerie<\/title>\n<meta name=\"description\" content=\"Elaborado meticulosamente con encaje chantilly nuestro bikini de tiro bajo y el\u00e1stico en cintura, es la personificaci\u00f3n de la verdadera perfecci\u00f3n.\" \/>\n<meta name=\"robots\" content=\"index, follow, max-snippet:-1, max-image-preview:large, max-video-preview:-1\" \/>\n<link rel=\"canonical\" href=\"https:\/\/zelina.mx\/en\/product\/bikini-de-encaje-chantilly-con-elastico-en-cintura\/\" \/>\n<meta property=\"og:locale\" content=\"en_US\" \/>\n<meta property=\"og:type\" content=\"article\" \/>\n<meta property=\"og:title\" content=\"Bikini de Encaje Chantilly con El\u00e1stico en Cintura - Zelina Lingerie\" \/>\n<meta property=\"og:description\" content=\"Elaborado meticulosamente con encaje chantilly nuestro bikini de tiro bajo y el\u00e1stico en cintura, es la personificaci\u00f3n de la verdadera perfecci\u00f3n.\" \/>\n<meta property=\"og:url\" content=\"https:\/\/zelina.mx\/en\/product\/bikini-de-encaje-chantilly-con-elastico-en-cintura\/\" \/>\n<meta property=\"og:site_name\" content=\"Zelina Lingerie\" \/>\n<meta property=\"article:publisher\" content=\"https:\/\/www.facebook.com\/Secrets.by.Zelina\/\" \/>\n<meta property=\"article:modified_time\" content=\"2025-03-31T22:24:09+00:00\" \/>\n<meta property=\"og:image\" content=\"https:\/\/zelina.mx\/wp-content\/uploads\/2021\/06\/9903-BEIGE-683x1024.png\" \/>\n\t<meta property=\"og:image:width\" content=\"683\" \/>\n\t<meta property=\"og:image:height\" content=\"1024\" \/>\n\t<meta property=\"og:image:type\" content=\"image\/png\" \/>\n<meta name=\"twitter:card\" content=\"summary_large_image\" \/>\n<script type=\"application\/ld+json\" class=\"yoast-schema-graph\">{\"@context\":\"https:\\\/\\\/schema.org\",\"@graph\":[{\"@type\":\"WebPage\",\"@id\":\"https:\\\/\\\/zelina.mx\\\/product\\\/bikini-de-encaje-chantilly-con-elastico-en-cintura\\\/\",\"url\":\"https:\\\/\\\/zelina.mx\\\/product\\\/bikini-de-encaje-chantilly-con-elastico-en-cintura\\\/\",\"name\":\"Bikini de Encaje Chantilly con El\u00e1stico en Cintura - Zelina Lingerie\",\"isPartOf\":{\"@id\":\"https:\\\/\\\/zelina.mx\\\/#website\"},\"primaryImageOfPage\":{\"@id\":\"https:\\\/\\\/zelina.mx\\\/product\\\/bikini-de-encaje-chantilly-con-elastico-en-cintura\\\/#primaryimage\"},\"image\":{\"@id\":\"https:\\\/\\\/zelina.mx\\\/product\\\/bikini-de-encaje-chantilly-con-elastico-en-cintura\\\/#primaryimage\"},\"thumbnailUrl\":\"https:\\\/\\\/zelina.mx\\\/wp-content\\\/uploads\\\/2021\\\/06\\\/9903-BEIGE-scaled.png\",\"datePublished\":\"2021-06-05T23:36:48+00:00\",\"dateModified\":\"2025-03-31T22:24:09+00:00\",\"description\":\"Elaborado meticulosamente con encaje chantilly nuestro bikini de tiro bajo y el\u00e1stico en cintura, es la personificaci\u00f3n de la verdadera perfecci\u00f3n.\",\"breadcrumb\":{\"@id\":\"https:\\\/\\\/zelina.mx\\\/product\\\/bikini-de-encaje-chantilly-con-elastico-en-cintura\\\/#breadcrumb\"},\"inLanguage\":\"en-US\",\"potentialAction\":[{\"@type\":\"ReadAction\",\"target\":[\"https:\\\/\\\/zelina.mx\\\/product\\\/bikini-de-encaje-chantilly-con-elastico-en-cintura\\\/\"]}]},{\"@type\":\"ImageObject\",\"inLanguage\":\"en-US\",\"@id\":\"https:\\\/\\\/zelina.mx\\\/product\\\/bikini-de-encaje-chantilly-con-elastico-en-cintura\\\/#primaryimage\",\"url\":\"https:\\\/\\\/zelina.mx\\\/wp-content\\\/uploads\\\/2021\\\/06\\\/9903-BEIGE-scaled.png\",\"contentUrl\":\"https:\\\/\\\/zelina.mx\\\/wp-content\\\/uploads\\\/2021\\\/06\\\/9903-BEIGE-scaled.png\",\"width\":1707,\"height\":2560},{\"@type\":\"BreadcrumbList\",\"@id\":\"https:\\\/\\\/zelina.mx\\\/product\\\/bikini-de-encaje-chantilly-con-elastico-en-cintura\\\/#breadcrumb\",\"itemListElement\":[{\"@type\":\"ListItem\",\"position\":1,\"name\":\"Inicio\",\"item\":\"https:\\\/\\\/zelina.mx\\\/\"},{\"@type\":\"ListItem\",\"position\":2,\"name\":\"Bikini de Encaje Chantilly con El\u00e1stico en Cintura\"}]},{\"@type\":\"WebSite\",\"@id\":\"https:\\\/\\\/zelina.mx\\\/#website\",\"url\":\"https:\\\/\\\/zelina.mx\\\/\",\"name\":\"Zelina Lingerie\",\"description\":\"El espacio donde ser sexy es un estilo de vida\",\"publisher\":{\"@id\":\"https:\\\/\\\/zelina.mx\\\/#organization\"},\"potentialAction\":[{\"@type\":\"SearchAction\",\"target\":{\"@type\":\"EntryPoint\",\"urlTemplate\":\"https:\\\/\\\/zelina.mx\\\/?s={search_term_string}\"},\"query-input\":{\"@type\":\"PropertyValueSpecification\",\"valueRequired\":true,\"valueName\":\"search_term_string\"}}],\"inLanguage\":\"en-US\"},{\"@type\":\"Organization\",\"@id\":\"https:\\\/\\\/zelina.mx\\\/#organization\",\"name\":\"Zelina Lingerie\",\"url\":\"https:\\\/\\\/zelina.mx\\\/\",\"logo\":{\"@type\":\"ImageObject\",\"inLanguage\":\"en-US\",\"@id\":\"https:\\\/\\\/zelina.mx\\\/#\\\/schema\\\/logo\\\/image\\\/\",\"url\":\"https:\\\/\\\/zelina.mx\\\/wp-content\\\/uploads\\\/2019\\\/11\\\/cropped-cropped-cropped-cropped-Zelina-logos-G.png\",\"contentUrl\":\"https:\\\/\\\/zelina.mx\\\/wp-content\\\/uploads\\\/2019\\\/11\\\/cropped-cropped-cropped-cropped-Zelina-logos-G.png\",\"width\":199,\"height\":80,\"caption\":\"Zelina Lingerie\"},\"image\":{\"@id\":\"https:\\\/\\\/zelina.mx\\\/#\\\/schema\\\/logo\\\/image\\\/\"},\"sameAs\":[\"https:\\\/\\\/www.facebook.com\\\/Secrets.by.Zelina\\\/\",\"https:\\\/\\\/www.instagram.com\\\/secretsbyzelina\\\/\"]}]}<\/script>\n<!-- \/ Yoast SEO plugin. -->","yoast_head_json":{"title":"Bikini de Encaje Chantilly con El\u00e1stico en Cintura - Zelina Lingerie","description":"Elaborado meticulosamente con encaje chantilly nuestro bikini de tiro bajo y el\u00e1stico en cintura, es la personificaci\u00f3n de la verdadera perfecci\u00f3n.","robots":{"index":"index","follow":"follow","max-snippet":"max-snippet:-1","max-image-preview":"max-image-preview:large","max-video-preview":"max-video-preview:-1"},"canonical":"https:\/\/zelina.mx\/en\/product\/bikini-de-encaje-chantilly-con-elastico-en-cintura\/","og_locale":"en_US","og_type":"article","og_title":"Bikini de Encaje Chantilly con El\u00e1stico en Cintura - Zelina Lingerie","og_description":"Elaborado meticulosamente con encaje chantilly nuestro bikini de tiro bajo y el\u00e1stico en cintura, es la personificaci\u00f3n de la verdadera perfecci\u00f3n.","og_url":"https:\/\/zelina.mx\/en\/product\/bikini-de-encaje-chantilly-con-elastico-en-cintura\/","og_site_name":"Zelina Lingerie","article_publisher":"https:\/\/www.facebook.com\/Secrets.by.Zelina\/","article_modified_time":"2025-03-31T22:24:09+00:00","og_image":[{"width":683,"height":1024,"url":"https:\/\/zelina.mx\/wp-content\/uploads\/2021\/06\/9903-BEIGE-683x1024.png","type":"image\/png"}],"twitter_card":"summary_large_image","schema":{"@context":"https:\/\/schema.org","@graph":[{"@type":"WebPage","@id":"https:\/\/zelina.mx\/product\/bikini-de-encaje-chantilly-con-elastico-en-cintura\/","url":"https:\/\/zelina.mx\/product\/bikini-de-encaje-chantilly-con-elastico-en-cintura\/","name":"Bikini de Encaje Chantilly con El\u00e1stico en Cintura - Zelina Lingerie","isPartOf":{"@id":"https:\/\/zelina.mx\/#website"},"primaryImageOfPage":{"@id":"https:\/\/zelina.mx\/product\/bikini-de-encaje-chantilly-con-elastico-en-cintura\/#primaryimage"},"image":{"@id":"https:\/\/zelina.mx\/product\/bikini-de-encaje-chantilly-con-elastico-en-cintura\/#primaryimage"},"thumbnailUrl":"https:\/\/zelina.mx\/wp-content\/uploads\/2021\/06\/9903-BEIGE-scaled.png","datePublished":"2021-06-05T23:36:48+00:00","dateModified":"2025-03-31T22:24:09+00:00","description":"Elaborado meticulosamente con encaje chantilly nuestro bikini de tiro bajo y el\u00e1stico en cintura, es la personificaci\u00f3n de la verdadera perfecci\u00f3n.","breadcrumb":{"@id":"https:\/\/zelina.mx\/product\/bikini-de-encaje-chantilly-con-elastico-en-cintura\/#breadcrumb"},"inLanguage":"en-US","potentialAction":[{"@type":"ReadAction","target":["https:\/\/zelina.mx\/product\/bikini-de-encaje-chantilly-con-elastico-en-cintura\/"]}]},{"@type":"ImageObject","inLanguage":"en-US","@id":"https:\/\/zelina.mx\/product\/bikini-de-encaje-chantilly-con-elastico-en-cintura\/#primaryimage","url":"https:\/\/zelina.mx\/wp-content\/uploads\/2021\/06\/9903-BEIGE-scaled.png","contentUrl":"https:\/\/zelina.mx\/wp-content\/uploads\/2021\/06\/9903-BEIGE-scaled.png","width":1707,"height":2560},{"@type":"BreadcrumbList","@id":"https:\/\/zelina.mx\/product\/bikini-de-encaje-chantilly-con-elastico-en-cintura\/#breadcrumb","itemListElement":[{"@type":"ListItem","position":1,"name":"Inicio","item":"https:\/\/zelina.mx\/"},{"@type":"ListItem","position":2,"name":"Bikini de Encaje Chantilly con El\u00e1stico en Cintura"}]},{"@type":"WebSite","@id":"https:\/\/zelina.mx\/#website","url":"https:\/\/zelina.mx\/","name":"Zelina Lingerie","description":"El espacio donde ser sexy es un estilo de vida","publisher":{"@id":"https:\/\/zelina.mx\/#organization"},"potentialAction":[{"@type":"SearchAction","target":{"@type":"EntryPoint","urlTemplate":"https:\/\/zelina.mx\/?s={search_term_string}"},"query-input":{"@type":"PropertyValueSpecification","valueRequired":true,"valueName":"search_term_string"}}],"inLanguage":"en-US"},{"@type":"Organization","@id":"https:\/\/zelina.mx\/#organization","name":"Zelina Lingerie","url":"https:\/\/zelina.mx\/","logo":{"@type":"ImageObject","inLanguage":"en-US","@id":"https:\/\/zelina.mx\/#\/schema\/logo\/image\/","url":"https:\/\/zelina.mx\/wp-content\/uploads\/2019\/11\/cropped-cropped-cropped-cropped-Zelina-logos-G.png","contentUrl":"https:\/\/zelina.mx\/wp-content\/uploads\/2019\/11\/cropped-cropped-cropped-cropped-Zelina-logos-G.png","width":199,"height":80,"caption":"Zelina Lingerie"},"image":{"@id":"https:\/\/zelina.mx\/#\/schema\/logo\/image\/"},"sameAs":["https:\/\/www.facebook.com\/Secrets.by.Zelina\/","https:\/\/www.instagram.com\/secretsbyzelina\/"]}]}},"_links":{"self":[{"href":"https:\/\/zelina.mx\/en\/wp-json\/wp\/v2\/product\/29175","targetHints":{"allow":["GET"]}}],"collection":[{"href":"https:\/\/zelina.mx\/en\/wp-json\/wp\/v2\/product"}],"about":[{"href":"https:\/\/zelina.mx\/en\/wp-json\/wp\/v2\/types\/product"}],"wp:featuredmedia":[{"embeddable":true,"href":"https:\/\/zelina.mx\/en\/wp-json\/wp\/v2\/media\/31208"}],"wp:attachment":[{"href":"https:\/\/zelina.mx\/en\/wp-json\/wp\/v2\/media?parent=29175"}],"wp:term":[{"taxonomy":"product_brand","embeddable":true,"href":"https:\/\/zelina.mx\/en\/wp-json\/wp\/v2\/product_brand?post=29175"},{"taxonomy":"product_cat","embeddable":true,"href":"https:\/\/zelina.mx\/en\/wp-json\/wp\/v2\/product_cat?post=29175"},{"taxonomy":"product_tag","embeddable":true,"href":"https:\/\/zelina.mx\/en\/wp-json\/wp\/v2\/product_tag?post=29175"}],"curies":[{"name":"wp","href":"https:\/\/api.w.org\/{rel}","templated":true}]}}