{"id":3,"date":"2018-12-17T20:22:00","date_gmt":"2018-12-17T20:22:00","guid":{"rendered":"http:\/\/zelina.steed.mx\/?page_id=3"},"modified":"2021-12-03T11:58:09","modified_gmt":"2021-12-03T17:58:09","slug":"aviso-privacidad","status":"publish","type":"page","link":"https:\/\/zelina.mx\/en\/aviso-privacidad\/","title":{"rendered":"Aviso de privacidad"},"content":{"rendered":"<p><strong>Aviso de privacidad<\/strong><\/p>\n\n\n\n<p>De conformidad en lo dispuesto por la Ley Federal de Protecci\u00f3n de Datos Personales en Posesi\u00f3n de los Particulares en adelante denominada como la Ley, se emite el presente Aviso de Privacidad en los siguientes t\u00e9rminos:<\/p>\n\n\n\n<p>RESPONSABLE DE LOS DATOS PERSONALES<\/p>\n\n\n\n<p>Para efectos del presente Aviso de Privacidad Industrias Zelina S.A. de C.V, (en adelante Zelina) con domicilio ubicado en Vainilla 270, Granjas M\u00e9xico, Iztacalco, 08400 Ciudad de M\u00e9xico, es el responsable de la obtenci\u00f3n, divulgaci\u00f3n, almacenamiento, uso, manejo, aprovechamiento, y\/o disposici\u00f3n de los datos personales que recabe de sus Clientes (en adelante los Titulares).<\/p>\n\n\n\n<p>DATOS PERSONALES RECABADOS<\/p>\n\n\n\n<p>Los datos personales que el responsable recaba de los Titulares son los siguientes: <em>Nombre, domicilio, correo electr\u00f3nico, n\u00famero telef\u00f3nico, informaci\u00f3n fiscal de manera particular, el registro federal de contribuyentes, direcci\u00f3n de facturaci\u00f3n<\/em>; Informaci\u00f3n de la Transacci\u00f3n<em>, esto abarca cuenta bancaria, n\u00famero de tarjeta, as\u00ed\u00ad como el c\u00f3digo de seguridad de la misma.<\/em><\/p>\n\n\n\n<p>POL\u00ed\u008dTICA DE DATOS SENSIBLES<\/p>\n\n\n\n<p>El responsable dentro de sus pol\u00ed\u00adticas comerciales no solicita ninguna informaci\u00f3n que bajo la Ley se entiende como datos sensibles, tales como: religi\u00f3n, preferencias sexuales, opiniones pol\u00ed\u00adticas. Zelina apoya y fomenta la diversidad y por tanto proh\u00ed\u00adbe cualquier acto discriminatorio o la solicitud de cualquier informaci\u00f3n que pudiese implicar un acto discriminatorio.<\/p>\n\n\n\n<p>FINALIDAD DEL TRATAMIENTO DE LOS DATOS PERSONALES Los datos que recabamos tendr\u00e1n los siguientes usos:<\/p>\n\n\n\n<ul class=\"wp-block-list\"><li>\u00e2\u2039\u2026 \u00a0Env\u00ed\u00ado de informaci\u00f3n novedosa y de actualizaci\u00f3n de nuestros productos: es decir, env\u00ed\u00ado de publicidad y promociones,<\/li><li>\u00e2\u2039\u2026 \u00a0Dar seguimiento a la compra en l\u00ed\u00adnea de los productos, espec\u00ed\u00adficamente el proceso de identificaci\u00f3n, validaci\u00f3n, aclaraci\u00f3n, devoluci\u00f3n, env\u00ed\u00ados de productos, cancelaci\u00f3n y seguimiento de compra de producto<\/li><li>\u00e2\u2039\u2026 \u00a0Para el pago o realizaci\u00f3n de transacciones para la adquisici\u00f3n de productos<\/li><li>\u00e2\u2039\u2026 \u00a0Para la emisi\u00f3n de facturas<\/li><li>\u00e2\u2039\u2026 \u00a0Para enviar de los productos adquiridos online,<\/li><li>\u00e2\u2039\u2026 \u00a0Para ser parte de la lista de asociadas y<\/li><li>\u00e2\u2039\u2026 \u00a0Para atender requerimientos legales con autoridades competentes.<\/li><\/ul>\n\n\n\n<p>OPCIONES Y MEDIOS QUE EL RESPONSABLE OFRECE A LOS TITULARES PARA LIMITAR EL USO O DIVULGACI\u00d3N DE LOS DATOS PERSONALES.<\/p>\n\n\n\n<p>Usted puede dejar de recibir comunicados y publicidad solicit\u00e1ndolo a nuestro oficial de protecci\u00f3n de datos personales a trav\u00e9s del correo electr\u00f3nico ventasweb@zelina.mx<\/p>\n\n\n\n<p>TRANSFERENCIA A TERCEROS<\/p>\n\n\n\n<p>Le informamos que, para poder cumplir con las finalidades expresadas anteriormente, es necesario que sus datos personales sean transferidos y tratados por personas f\u00ed\u00adsicas y\/o morales distintas a las que forman parte de Zelina, las cuales se enuncian a continuaci\u00f3n:<\/p>\n\n\n\n<p>\u00e2\u20ac\u00a2 Empresa de servicios de procesamiento paqueter\u00ed\u00ada y env\u00ed\u00ado de bienes, con la finalidad de hacer llegar las \u00f3rdenes de compra en el domicilio indicado al momento de realizar la compra.<\/p>\n\n\n\n<p>\u00e2\u20ac\u00a2 Empresa de servicios de procesamiento de pagos v\u00ed\u00ada Internet con la finalidad de realizar transacciones para la adquisici\u00f3n de productos<\/p>\n\n\n\n<p>USO DE TECNOLOG\u00ed\u008dAS DE RASTREO EN NUESTRO PORTAL DE INTERNET<\/p>\n\n\n\n<p>Le informamos que en nuestra p\u00e1gina de Internet utilizamos cookies, web beacons y otras tecnolog\u00ed\u00adas a trav\u00e9s de las cuales es posible monitorear su comportamiento como usuario de Internet, brindarle un mejor servicio y experiencia de usuario al navegar en nuestra p\u00e1gina, as\u00ed\u00ad como ofrecerle nuevos productos y servicios basados en sus preferencias.<\/p>\n\n\n\n<p>Los datos personales que obtenemos de estas tecnolog\u00ed\u00adas de rastreo son los siguientes: horario de navegaci\u00f3n, tiempo de navegaci\u00f3n en nuestra p\u00e1gina de Internet, secciones consultadas, y p\u00e1ginas de Internet accedidas previo a la nuestra. Es importante mencionar que los datos recogidos mediante cookies y otras tecnolog\u00ed\u00adas son datos de car\u00e1cter no personal.<\/p>\n\n\n\n<p>En caso de que usted prefiera anular las cookies, usted puede eliminar el archivo al final de cada sesi\u00f3n mediante la opci\u00f3n de configuraci\u00f3n del navegador.<\/p>\n\n\n\n<p>MEDIOS PARA EJERCER LOS DERECHOS DEL TITULAR<\/p>\n\n\n\n<p>En cualquier momento su representante legal debidamente acreditado, podr\u00e1 ejercer los derechos de Acceso, Rectificaci\u00f3n cuando consideren que son err\u00f3neos o inexactos, Cancelaci\u00f3n en caso de que considere que los datos no son tratados de forma adecuada, Oposici\u00f3n en caso de que no quiera que sus datos<\/p>\n\n\n\n<p>sean tratados para finalidades espec\u00ed\u00adficas y\/o Revocaci\u00f3n cuando ya no sea su deseo como titular que Zelina contin\u00fae usando sus datos personales.<\/p>\n\n\n\n<p>El ejercicio de uno de ellos no impide el ejercicio del otro y ninguno es presupuesto para el ejercicio de otro.<\/p>\n\n\n\n<p>Para ejercer sus derechos mencionados con anterioridad, deber\u00e1 enviar su solicitud a nuestro departamento de datos personales al correo electr\u00f3nico ventasweb@zelina.mx y\/o directamente a nuestro domicilio ubicado en Vainilla 270, Granjas M\u00e9xico, Iztacalco, 08400 Ciudad de M\u00e9xico.<\/p>\n\n\n\n<p>La solicitud del ejercicio de los derechos del Titular deber\u00e1 contener los siguientes datos:<\/p>\n\n\n\n<ul class=\"wp-block-list\"><li>\u00e2\u2039\u2026 \u00a0Nombre del titular<\/li><li>\u00e2\u2039\u2026 \u00a0Domicilio y direcci\u00f3n de correo electr\u00f3nico para notificarle la respuesta a su solicitud<\/li><li>\u00e2\u2039\u2026 \u00a0Una descripci\u00f3n clara y precisa de los datos respecto de los cuales se busca ejercer el derecho correspondiente<\/li><li>\u00e2\u2039\u2026 \u00a0El objeto de la solicitud<\/li><li>\u00e2\u2039\u2026 \u00a0Cualquier elemento que facilite la localizaci\u00f3n de los datos, y se deber\u00e1 anexar copia de su identificaci\u00f3n, y en su caso el documento mediante el cual se acredite la representaci\u00f3n legal. El plazo de respuesta de su solicitud ser\u00e1 de 20 d\u00ed\u00adas h\u00e1biles contados a partir del d\u00ed\u00ada en que se recibi\u00f3 la solicitud de acceso, rectificaci\u00f3n, cancelaci\u00f3n y oposici\u00f3n correspondiente. La respuesta le ser\u00e1 comunicada dentro del plazo antes mencionado a la direcci\u00f3n de correo electr\u00f3nico que proporcion\u00f3 en su solicitud o enviando carta al domicilio proporcionado en la misma. Una vez recibida dicha notificaci\u00f3n tendr\u00e1 un plazo de 15 d\u00ed\u00adas h\u00e1biles para hacerla efectiva en caso de ser procedente. En cualquier momento podr\u00e1 revocar el consentimiento que nos ha otorgado para el tratamiento de sus datos personales, de tal forma que dejemos hacer uso de los mismos. Para ello deber\u00e1 presentar una solicitud en los t\u00e9rminos mencionados para el ejercicio de los derechos ARCO. El procedimiento a seguir ser\u00e1 el mismo que el previsto para el ejercicio de los derechos ARCO. En caso de ser procedente su solicitud sus datos dejaran de ser tratados por Zelina. CAMBIOS AL AVISO DE PRIVACIDAD Cualquier cambio al presente Aviso de Privacidad, le ser\u00e1 informado a trav\u00e9s de los siguientes medios: 1. Mediante Correo electr\u00f3nico que personalmente le enviemos.<\/li><\/ul>\n\n\n\n<p>2. Y a trav\u00e9s de nuestro portal web. De igual manera, se le informa a los Titulares, que el Aviso de Privacidad podr\u00e1 ser modificado en cualquier momento con la finalidad de atender novedades legislativas, as\u00ed\u00ad como modificaci\u00f3n de pol\u00ed\u00adticas internas de Zelina.<\/p>\n\n\n\n<p>Fecha de la \u00faltima actualizaci\u00f3n al presente aviso de privacidad: 23 octubre 2020<\/p>\n\n\n\n<p>QUEJAS DEL TITULAR<\/p>\n\n\n\n<p>En caso de que el Titular no est\u00e9 de acuerdo de manera parcial o total sobre el contenido del presente Aviso de Privacidad, solicitamos notifique su inconformidad y desacuerdo al correo electr\u00f3nico ventasweb@zelina.mx con atenci\u00f3n al departamento de protecci\u00f3n de datos personales.<\/p>","protected":false},"excerpt":{"rendered":"<p>Aviso de privacidad De conformidad en lo dispuesto por la Ley Federal de Protecci\u00f3n de Datos Personales en Posesi\u00f3n de los Particulares en adelante denominada como la Ley, se emite el presente Aviso de Privacidad en los siguientes t\u00e9rminos: RESPONSABLE DE LOS DATOS PERSONALES Para efectos del presente Aviso de [&hellip;]<\/p>\n","protected":false},"author":1,"featured_media":0,"parent":0,"menu_order":0,"comment_status":"closed","ping_status":"open","template":"","meta":{"_exactmetrics_skip_tracking":false,"_exactmetrics_sitenote_active":false,"_exactmetrics_sitenote_note":"","_exactmetrics_sitenote_category":0,"footnotes":""},"class_list":["post-3","page","type-page","status-publish","hentry"],"yoast_head":"<!-- This site is optimized with the Yoast SEO plugin v27.5 - https:\/\/yoast.com\/product\/yoast-seo-wordpress\/ -->\n<title>Aviso de privacidad - Zelina Lingerie<\/title>\n<meta name=\"robots\" content=\"index, follow, max-snippet:-1, max-image-preview:large, max-video-preview:-1\" \/>\n<link rel=\"canonical\" href=\"https:\/\/zelina.mx\/en\/aviso-privacidad\/\" \/>\n<meta property=\"og:locale\" content=\"en_US\" \/>\n<meta property=\"og:type\" content=\"article\" \/>\n<meta property=\"og:title\" content=\"Aviso de privacidad - Zelina Lingerie\" \/>\n<meta property=\"og:description\" content=\"Aviso de privacidad De conformidad en lo dispuesto por la Ley Federal de Protecci\u00f3n de Datos Personales en Posesi\u00f3n de los Particulares en adelante denominada como la Ley, se emite el presente Aviso de Privacidad en los siguientes t\u00e9rminos: RESPONSABLE DE LOS DATOS PERSONALES Para efectos del presente Aviso de [&hellip;]\" \/>\n<meta property=\"og:url\" content=\"https:\/\/zelina.mx\/en\/aviso-privacidad\/\" \/>\n<meta property=\"og:site_name\" content=\"Zelina Lingerie\" \/>\n<meta property=\"article:publisher\" content=\"https:\/\/www.facebook.com\/Secrets.by.Zelina\/\" \/>\n<meta property=\"article:modified_time\" content=\"2021-12-03T17:58:09+00:00\" \/>\n<meta property=\"og:image\" content=\"https:\/\/zelina.mx\/wp-content\/uploads\/2019\/06\/Zelina.Editorial-25.jpg\" \/>\n\t<meta property=\"og:image:width\" content=\"2400\" \/>\n\t<meta property=\"og:image:height\" content=\"1600\" \/>\n\t<meta property=\"og:image:type\" content=\"image\/jpeg\" \/>\n<meta name=\"twitter:card\" content=\"summary_large_image\" \/>\n<meta name=\"twitter:label1\" content=\"Est. reading time\" \/>\n\t<meta name=\"twitter:data1\" content=\"6 minutes\" \/>\n<script type=\"application\/ld+json\" class=\"yoast-schema-graph\">{\"@context\":\"https:\\\/\\\/schema.org\",\"@graph\":[{\"@type\":\"WebPage\",\"@id\":\"https:\\\/\\\/zelina.mx\\\/aviso-privacidad\\\/\",\"url\":\"https:\\\/\\\/zelina.mx\\\/aviso-privacidad\\\/\",\"name\":\"Aviso de privacidad - Zelina Lingerie\",\"isPartOf\":{\"@id\":\"https:\\\/\\\/zelina.mx\\\/#website\"},\"datePublished\":\"2018-12-17T20:22:00+00:00\",\"dateModified\":\"2021-12-03T17:58:09+00:00\",\"breadcrumb\":{\"@id\":\"https:\\\/\\\/zelina.mx\\\/aviso-privacidad\\\/#breadcrumb\"},\"inLanguage\":\"en-US\",\"potentialAction\":[{\"@type\":\"ReadAction\",\"target\":[\"https:\\\/\\\/zelina.mx\\\/aviso-privacidad\\\/\"]}]},{\"@type\":\"BreadcrumbList\",\"@id\":\"https:\\\/\\\/zelina.mx\\\/aviso-privacidad\\\/#breadcrumb\",\"itemListElement\":[{\"@type\":\"ListItem\",\"position\":1,\"name\":\"Inicio\",\"item\":\"https:\\\/\\\/zelina.mx\\\/\"},{\"@type\":\"ListItem\",\"position\":2,\"name\":\"Aviso de privacidad\"}]},{\"@type\":\"WebSite\",\"@id\":\"https:\\\/\\\/zelina.mx\\\/#website\",\"url\":\"https:\\\/\\\/zelina.mx\\\/\",\"name\":\"Zelina Lingerie\",\"description\":\"El espacio donde ser sexy es un estilo de vida\",\"publisher\":{\"@id\":\"https:\\\/\\\/zelina.mx\\\/#organization\"},\"potentialAction\":[{\"@type\":\"SearchAction\",\"target\":{\"@type\":\"EntryPoint\",\"urlTemplate\":\"https:\\\/\\\/zelina.mx\\\/?s={search_term_string}\"},\"query-input\":{\"@type\":\"PropertyValueSpecification\",\"valueRequired\":true,\"valueName\":\"search_term_string\"}}],\"inLanguage\":\"en-US\"},{\"@type\":\"Organization\",\"@id\":\"https:\\\/\\\/zelina.mx\\\/#organization\",\"name\":\"Zelina Lingerie\",\"url\":\"https:\\\/\\\/zelina.mx\\\/\",\"logo\":{\"@type\":\"ImageObject\",\"inLanguage\":\"en-US\",\"@id\":\"https:\\\/\\\/zelina.mx\\\/#\\\/schema\\\/logo\\\/image\\\/\",\"url\":\"https:\\\/\\\/zelina.mx\\\/wp-content\\\/uploads\\\/2019\\\/11\\\/cropped-cropped-cropped-cropped-Zelina-logos-G.png\",\"contentUrl\":\"https:\\\/\\\/zelina.mx\\\/wp-content\\\/uploads\\\/2019\\\/11\\\/cropped-cropped-cropped-cropped-Zelina-logos-G.png\",\"width\":199,\"height\":80,\"caption\":\"Zelina Lingerie\"},\"image\":{\"@id\":\"https:\\\/\\\/zelina.mx\\\/#\\\/schema\\\/logo\\\/image\\\/\"},\"sameAs\":[\"https:\\\/\\\/www.facebook.com\\\/Secrets.by.Zelina\\\/\",\"https:\\\/\\\/www.instagram.com\\\/secretsbyzelina\\\/\"]}]}<\/script>\n<!-- \/ Yoast SEO plugin. -->","yoast_head_json":{"title":"Aviso de privacidad - Zelina Lingerie","robots":{"index":"index","follow":"follow","max-snippet":"max-snippet:-1","max-image-preview":"max-image-preview:large","max-video-preview":"max-video-preview:-1"},"canonical":"https:\/\/zelina.mx\/en\/aviso-privacidad\/","og_locale":"en_US","og_type":"article","og_title":"Aviso de privacidad - Zelina Lingerie","og_description":"Aviso de privacidad De conformidad en lo dispuesto por la Ley Federal de Protecci\u00f3n de Datos Personales en Posesi\u00f3n de los Particulares en adelante denominada como la Ley, se emite el presente Aviso de Privacidad en los siguientes t\u00e9rminos: RESPONSABLE DE LOS DATOS PERSONALES Para efectos del presente Aviso de [&hellip;]","og_url":"https:\/\/zelina.mx\/en\/aviso-privacidad\/","og_site_name":"Zelina Lingerie","article_publisher":"https:\/\/www.facebook.com\/Secrets.by.Zelina\/","article_modified_time":"2021-12-03T17:58:09+00:00","og_image":[{"width":2400,"height":1600,"url":"https:\/\/zelina.mx\/wp-content\/uploads\/2019\/06\/Zelina.Editorial-25.jpg","type":"image\/jpeg"}],"twitter_card":"summary_large_image","twitter_misc":{"Est. reading time":"6 minutes"},"schema":{"@context":"https:\/\/schema.org","@graph":[{"@type":"WebPage","@id":"https:\/\/zelina.mx\/aviso-privacidad\/","url":"https:\/\/zelina.mx\/aviso-privacidad\/","name":"Aviso de privacidad - Zelina Lingerie","isPartOf":{"@id":"https:\/\/zelina.mx\/#website"},"datePublished":"2018-12-17T20:22:00+00:00","dateModified":"2021-12-03T17:58:09+00:00","breadcrumb":{"@id":"https:\/\/zelina.mx\/aviso-privacidad\/#breadcrumb"},"inLanguage":"en-US","potentialAction":[{"@type":"ReadAction","target":["https:\/\/zelina.mx\/aviso-privacidad\/"]}]},{"@type":"BreadcrumbList","@id":"https:\/\/zelina.mx\/aviso-privacidad\/#breadcrumb","itemListElement":[{"@type":"ListItem","position":1,"name":"Inicio","item":"https:\/\/zelina.mx\/"},{"@type":"ListItem","position":2,"name":"Aviso de privacidad"}]},{"@type":"WebSite","@id":"https:\/\/zelina.mx\/#website","url":"https:\/\/zelina.mx\/","name":"Zelina Lingerie","description":"El espacio donde ser sexy es un estilo de vida","publisher":{"@id":"https:\/\/zelina.mx\/#organization"},"potentialAction":[{"@type":"SearchAction","target":{"@type":"EntryPoint","urlTemplate":"https:\/\/zelina.mx\/?s={search_term_string}"},"query-input":{"@type":"PropertyValueSpecification","valueRequired":true,"valueName":"search_term_string"}}],"inLanguage":"en-US"},{"@type":"Organization","@id":"https:\/\/zelina.mx\/#organization","name":"Zelina Lingerie","url":"https:\/\/zelina.mx\/","logo":{"@type":"ImageObject","inLanguage":"en-US","@id":"https:\/\/zelina.mx\/#\/schema\/logo\/image\/","url":"https:\/\/zelina.mx\/wp-content\/uploads\/2019\/11\/cropped-cropped-cropped-cropped-Zelina-logos-G.png","contentUrl":"https:\/\/zelina.mx\/wp-content\/uploads\/2019\/11\/cropped-cropped-cropped-cropped-Zelina-logos-G.png","width":199,"height":80,"caption":"Zelina Lingerie"},"image":{"@id":"https:\/\/zelina.mx\/#\/schema\/logo\/image\/"},"sameAs":["https:\/\/www.facebook.com\/Secrets.by.Zelina\/","https:\/\/www.instagram.com\/secretsbyzelina\/"]}]}},"_links":{"self":[{"href":"https:\/\/zelina.mx\/en\/wp-json\/wp\/v2\/pages\/3","targetHints":{"allow":["GET"]}}],"collection":[{"href":"https:\/\/zelina.mx\/en\/wp-json\/wp\/v2\/pages"}],"about":[{"href":"https:\/\/zelina.mx\/en\/wp-json\/wp\/v2\/types\/page"}],"author":[{"embeddable":true,"href":"https:\/\/zelina.mx\/en\/wp-json\/wp\/v2\/users\/1"}],"replies":[{"embeddable":true,"href":"https:\/\/zelina.mx\/en\/wp-json\/wp\/v2\/comments?post=3"}],"version-history":[{"count":3,"href":"https:\/\/zelina.mx\/en\/wp-json\/wp\/v2\/pages\/3\/revisions"}],"predecessor-version":[{"id":18471,"href":"https:\/\/zelina.mx\/en\/wp-json\/wp\/v2\/pages\/3\/revisions\/18471"}],"wp:attachment":[{"href":"https:\/\/zelina.mx\/en\/wp-json\/wp\/v2\/media?parent=3"}],"curies":[{"name":"wp","href":"https:\/\/api.w.org\/{rel}","templated":true}]}}